{"id":1115,"date":"2016-01-21T20:55:37","date_gmt":"2016-01-21T19:55:37","guid":{"rendered":"http:\/\/emk-koenigswalde.de\/2015EmK\/?page_id=1115"},"modified":"2022-02-28T22:51:07","modified_gmt":"2022-02-28T21:51:07","slug":"krabbelkaefer-zeit","status":"publish","type":"page","link":"https:\/\/emk-koenigswalde.de\/2015EmK\/kreuzkirche\/kinder-mildenau\/krabbelkaefer-zeit\/","title":{"rendered":"Krabbelk\u00e4fer-Zeit"},"content":{"rendered":"<div id=\"pl-1115\"  class=\"panel-layout\" ><div id=\"pg-1115-0\"  class=\"panel-grid panel-no-style\" ><div id=\"pgc-1115-0-0\"  class=\"panel-grid-cell\" ><div id=\"panel-1115-0-0-0\" class=\"so-panel widget widget_sow-editor panel-first-child panel-last-child\" data-index=\"0\" ><div\n\t\t\t\n\t\t\tclass=\"so-widget-sow-editor so-widget-sow-editor-base\"\n\t\t\t\n\t\t>\n<div class=\"siteorigin-widget-tinymce textwidget\">\n\t<p><a href=\"https:\/\/i0.wp.com\/emk-koenigswalde.de\/2015EmK\/wp-content\/uploads\/2016\/01\/Krabbelk%C3%A4fer-Logo.jpg\"><img data-attachment-id=\"1515\" data-permalink=\"https:\/\/emk-koenigswalde.de\/2015EmK\/kreuzkirche\/kinder-mildenau\/zwergentreff\/krabbelkaefer-logo\/#main\" data-orig-file=\"https:\/\/i0.wp.com\/emk-koenigswalde.de\/2015EmK\/wp-content\/uploads\/2016\/01\/Krabbelk%C3%A4fer-Logo.jpg?fit=2393%2C1090&amp;ssl=1\" data-orig-size=\"2393,1090\" data-comments-opened=\"0\" data-image-meta=\"{&quot;aperture&quot;:&quot;0&quot;,&quot;credit&quot;:&quot;H\\u00fcbi&quot;,&quot;camera&quot;:&quot;&quot;,&quot;caption&quot;:&quot;&quot;,&quot;created_timestamp&quot;:&quot;1437082603&quot;,&quot;copyright&quot;:&quot;&quot;,&quot;focal_length&quot;:&quot;0&quot;,&quot;iso&quot;:&quot;0&quot;,&quot;shutter_speed&quot;:&quot;0&quot;,&quot;title&quot;:&quot;&quot;,&quot;orientation&quot;:&quot;0&quot;}\" data-image-title=\"krabbelkaefer-logo\" data-image-description=\"\" data-image-caption=\"\" data-large-file=\"https:\/\/i0.wp.com\/emk-koenigswalde.de\/2015EmK\/wp-content\/uploads\/2016\/01\/Krabbelk%C3%A4fer-Logo.jpg?fit=720%2C328&amp;ssl=1\" data-recalc-dims=\"1\" loading=\"lazy\" decoding=\"async\" class=\"wp-image-1515 aligncenter\" src=\"https:\/\/i0.wp.com\/emk-koenigswalde.de\/2015EmK\/wp-content\/uploads\/2016\/01\/Krabbelk%C3%A4fer-Logo.jpg?resize=627%2C286\" alt=\"krabbelkaefer-logo\" width=\"627\" height=\"286\" srcset=\"https:\/\/i0.wp.com\/emk-koenigswalde.de\/2015EmK\/wp-content\/uploads\/2016\/01\/Krabbelk%C3%A4fer-Logo.jpg?resize=300%2C137&amp;ssl=1 300w, https:\/\/i0.wp.com\/emk-koenigswalde.de\/2015EmK\/wp-content\/uploads\/2016\/01\/Krabbelk%C3%A4fer-Logo.jpg?resize=768%2C350&amp;ssl=1 768w, https:\/\/i0.wp.com\/emk-koenigswalde.de\/2015EmK\/wp-content\/uploads\/2016\/01\/Krabbelk%C3%A4fer-Logo.jpg?resize=1024%2C466&amp;ssl=1 1024w, https:\/\/i0.wp.com\/emk-koenigswalde.de\/2015EmK\/wp-content\/uploads\/2016\/01\/Krabbelk%C3%A4fer-Logo.jpg?w=1440 1440w, https:\/\/i0.wp.com\/emk-koenigswalde.de\/2015EmK\/wp-content\/uploads\/2016\/01\/Krabbelk%C3%A4fer-Logo.jpg?w=2160 2160w\" sizes=\"auto, (max-width: 627px) 100vw, 627px\" \/><\/a><\/p>\n<p>Liebe Papas und Mamas!<\/p>\n<p>Ihr m\u00f6chtet eine intensive Zeit mit Eurem kleinen Baby verbringen, dann kommt die Krabbelk\u00e4ferzeit wie gerufen f\u00fcr Euch. In einem kuschlig warmen Zimmer k\u00f6nnt Ihr Euren Nachwuchs so richtig bei einer Babymassage verw\u00f6hnen. Dazu lernen wir Reime und Fingerspiele und untermauern unsere sanften Streicheleinheiten mit immerwiederkehrenden Liedern. Schaut einfach mal vorbei und probiert es aus. F\u00fcr jeden stehen unsere T\u00fcren offen, ich freu mich auf Euch.<\/p>\n<p>Hinweis:<\/p>\n<p>Die Krabbelk\u00e4ferzeit ist f\u00fcr Kinder ab dem 3.Lebensmonat und endet wenn Ihr Kind anf\u00e4ngt die Welt selbst\u00e4ndig zu erkunden. Dann wird es Zeit in den Zwergentreff zu wechseln, dessen Inhalte wiederum auf die Entdeckungsreisen der Kinder abgestimmt ist.<\/p>\n<p>Bitte bringt eine kleine Kuscheldecke als Unterlage f\u00fcr Euren kleinen Spatz mit. Alles andere halte ich f\u00fcr Euch bereit.<\/p>\n<p><span style=\"text-decoration: underline;\"><span style=\"color: #ff9900; text-decoration: underline;\">Neugierig geworden? - Dann schaut es Euch mal an!<\/span><\/span><\/p>\n<p><a href=\"https:\/\/i0.wp.com\/emk-koenigswalde.de\/2015EmK\/wp-content\/uploads\/2016\/01\/5.jpg\"><img data-attachment-id=\"1531\" data-permalink=\"https:\/\/emk-koenigswalde.de\/2015EmK\/kreuzkirche\/kinder-mildenau\/krabbelkaefer-zeit\/attachment\/5\/#main\" data-orig-file=\"https:\/\/i0.wp.com\/emk-koenigswalde.de\/2015EmK\/wp-content\/uploads\/2016\/01\/5.jpg?fit=2321%2C1921&amp;ssl=1\" data-orig-size=\"2321,1921\" data-comments-opened=\"0\" data-image-meta=\"{&quot;aperture&quot;:&quot;1.9&quot;,&quot;credit&quot;:&quot;&quot;,&quot;camera&quot;:&quot;SM-J500FN&quot;,&quot;caption&quot;:&quot;&quot;,&quot;created_timestamp&quot;:&quot;1475144026&quot;,&quot;copyright&quot;:&quot;&quot;,&quot;focal_length&quot;:&quot;3.7&quot;,&quot;iso&quot;:&quot;80&quot;,&quot;shutter_speed&quot;:&quot;0.03030303030303&quot;,&quot;title&quot;:&quot;&quot;,&quot;orientation&quot;:&quot;1&quot;}\" data-image-title=\"5\" data-image-description=\"\" data-image-caption=\"\" data-large-file=\"https:\/\/i0.wp.com\/emk-koenigswalde.de\/2015EmK\/wp-content\/uploads\/2016\/01\/5.jpg?fit=720%2C596&amp;ssl=1\" data-recalc-dims=\"1\" loading=\"lazy\" decoding=\"async\" class=\"alignnone wp-image-1531 size-thumbnail\" src=\"https:\/\/i0.wp.com\/emk-koenigswalde.de\/2015EmK\/wp-content\/uploads\/2016\/01\/5.jpg?resize=150%2C150\" alt=\"5\" width=\"150\" height=\"150\" srcset=\"https:\/\/i0.wp.com\/emk-koenigswalde.de\/2015EmK\/wp-content\/uploads\/2016\/01\/5.jpg?resize=150%2C150&amp;ssl=1 150w, https:\/\/i0.wp.com\/emk-koenigswalde.de\/2015EmK\/wp-content\/uploads\/2016\/01\/5.jpg?zoom=2&amp;resize=150%2C150 300w, https:\/\/i0.wp.com\/emk-koenigswalde.de\/2015EmK\/wp-content\/uploads\/2016\/01\/5.jpg?zoom=3&amp;resize=150%2C150 450w\" sizes=\"auto, (max-width: 150px) 100vw, 150px\" \/><\/a> \u00a0<a href=\"https:\/\/i0.wp.com\/emk-koenigswalde.de\/2015EmK\/wp-content\/uploads\/2016\/01\/7.jpg\"><img data-attachment-id=\"1534\" data-permalink=\"https:\/\/emk-koenigswalde.de\/2015EmK\/kreuzkirche\/kinder-mildenau\/krabbelkaefer-zeit\/attachment\/7\/#main\" data-orig-file=\"https:\/\/i0.wp.com\/emk-koenigswalde.de\/2015EmK\/wp-content\/uploads\/2016\/01\/7.jpg?fit=3289%2C1873&amp;ssl=1\" data-orig-size=\"3289,1873\" data-comments-opened=\"0\" data-image-meta=\"{&quot;aperture&quot;:&quot;1.9&quot;,&quot;credit&quot;:&quot;&quot;,&quot;camera&quot;:&quot;SM-J500FN&quot;,&quot;caption&quot;:&quot;&quot;,&quot;created_timestamp&quot;:&quot;1475144135&quot;,&quot;copyright&quot;:&quot;&quot;,&quot;focal_length&quot;:&quot;3.7&quot;,&quot;iso&quot;:&quot;80&quot;,&quot;shutter_speed&quot;:&quot;0.03030303030303&quot;,&quot;title&quot;:&quot;&quot;,&quot;orientation&quot;:&quot;1&quot;}\" data-image-title=\"7\" data-image-description=\"\" data-image-caption=\"\" data-large-file=\"https:\/\/i0.wp.com\/emk-koenigswalde.de\/2015EmK\/wp-content\/uploads\/2016\/01\/7.jpg?fit=720%2C410&amp;ssl=1\" data-recalc-dims=\"1\" loading=\"lazy\" decoding=\"async\" class=\"alignnone wp-image-1534 \" src=\"https:\/\/i0.wp.com\/emk-koenigswalde.de\/2015EmK\/wp-content\/uploads\/2016\/01\/7.jpg?resize=264%2C151\" alt=\"7\" width=\"264\" height=\"151\" srcset=\"https:\/\/i0.wp.com\/emk-koenigswalde.de\/2015EmK\/wp-content\/uploads\/2016\/01\/7.jpg?resize=300%2C171&amp;ssl=1 300w, https:\/\/i0.wp.com\/emk-koenigswalde.de\/2015EmK\/wp-content\/uploads\/2016\/01\/7.jpg?resize=768%2C437&amp;ssl=1 768w, https:\/\/i0.wp.com\/emk-koenigswalde.de\/2015EmK\/wp-content\/uploads\/2016\/01\/7.jpg?resize=1024%2C583&amp;ssl=1 1024w, https:\/\/i0.wp.com\/emk-koenigswalde.de\/2015EmK\/wp-content\/uploads\/2016\/01\/7.jpg?w=1440 1440w, https:\/\/i0.wp.com\/emk-koenigswalde.de\/2015EmK\/wp-content\/uploads\/2016\/01\/7.jpg?w=2160 2160w\" sizes=\"auto, (max-width: 264px) 100vw, 264px\" \/><\/a> \u00a0<a href=\"https:\/\/i0.wp.com\/emk-koenigswalde.de\/2015EmK\/wp-content\/uploads\/2016\/01\/3.jpg\"><img data-attachment-id=\"1529\" data-permalink=\"https:\/\/emk-koenigswalde.de\/2015EmK\/kreuzkirche\/kinder-mildenau\/krabbelkaefer-zeit\/attachment\/3\/#main\" data-orig-file=\"https:\/\/i0.wp.com\/emk-koenigswalde.de\/2015EmK\/wp-content\/uploads\/2016\/01\/3.jpg?fit=1976%2C2672&amp;ssl=1\" data-orig-size=\"1976,2672\" data-comments-opened=\"0\" data-image-meta=\"{&quot;aperture&quot;:&quot;1.9&quot;,&quot;credit&quot;:&quot;&quot;,&quot;camera&quot;:&quot;SM-J500FN&quot;,&quot;caption&quot;:&quot;&quot;,&quot;created_timestamp&quot;:&quot;1475143842&quot;,&quot;copyright&quot;:&quot;&quot;,&quot;focal_length&quot;:&quot;3.7&quot;,&quot;iso&quot;:&quot;80&quot;,&quot;shutter_speed&quot;:&quot;0.02&quot;,&quot;title&quot;:&quot;&quot;,&quot;orientation&quot;:&quot;1&quot;}\" data-image-title=\"3\" data-image-description=\"\" data-image-caption=\"\" data-large-file=\"https:\/\/i0.wp.com\/emk-koenigswalde.de\/2015EmK\/wp-content\/uploads\/2016\/01\/3.jpg?fit=720%2C974&amp;ssl=1\" data-recalc-dims=\"1\" loading=\"lazy\" decoding=\"async\" class=\"alignnone wp-image-1529 size-thumbnail\" src=\"https:\/\/i0.wp.com\/emk-koenigswalde.de\/2015EmK\/wp-content\/uploads\/2016\/01\/3.jpg?resize=150%2C150\" alt=\"3\" width=\"150\" height=\"150\" srcset=\"https:\/\/i0.wp.com\/emk-koenigswalde.de\/2015EmK\/wp-content\/uploads\/2016\/01\/3.jpg?resize=150%2C150&amp;ssl=1 150w, https:\/\/i0.wp.com\/emk-koenigswalde.de\/2015EmK\/wp-content\/uploads\/2016\/01\/3.jpg?zoom=2&amp;resize=150%2C150 300w, https:\/\/i0.wp.com\/emk-koenigswalde.de\/2015EmK\/wp-content\/uploads\/2016\/01\/3.jpg?zoom=3&amp;resize=150%2C150 450w\" sizes=\"auto, (max-width: 150px) 100vw, 150px\" \/><\/a> \u00a0 <a href=\"https:\/\/i0.wp.com\/emk-koenigswalde.de\/2015EmK\/wp-content\/uploads\/2016\/01\/2.jpg\"><img data-attachment-id=\"1528\" data-permalink=\"https:\/\/emk-koenigswalde.de\/2015EmK\/kreuzkirche\/kinder-mildenau\/krabbelkaefer-zeit\/attachment\/2\/#main\" data-orig-file=\"https:\/\/i0.wp.com\/emk-koenigswalde.de\/2015EmK\/wp-content\/uploads\/2016\/01\/2.jpg?fit=1977%2C1793&amp;ssl=1\" data-orig-size=\"1977,1793\" data-comments-opened=\"0\" data-image-meta=\"{&quot;aperture&quot;:&quot;1.9&quot;,&quot;credit&quot;:&quot;&quot;,&quot;camera&quot;:&quot;SM-J500FN&quot;,&quot;caption&quot;:&quot;&quot;,&quot;created_timestamp&quot;:&quot;1475142193&quot;,&quot;copyright&quot;:&quot;&quot;,&quot;focal_length&quot;:&quot;3.7&quot;,&quot;iso&quot;:&quot;80&quot;,&quot;shutter_speed&quot;:&quot;0.03030303030303&quot;,&quot;title&quot;:&quot;&quot;,&quot;orientation&quot;:&quot;1&quot;}\" data-image-title=\"2\" data-image-description=\"\" data-image-caption=\"\" data-large-file=\"https:\/\/i0.wp.com\/emk-koenigswalde.de\/2015EmK\/wp-content\/uploads\/2016\/01\/2.jpg?fit=720%2C653&amp;ssl=1\" data-recalc-dims=\"1\" loading=\"lazy\" decoding=\"async\" class=\"alignnone wp-image-1528 size-thumbnail\" src=\"https:\/\/i0.wp.com\/emk-koenigswalde.de\/2015EmK\/wp-content\/uploads\/2016\/01\/2.jpg?resize=150%2C150\" alt=\"2\" width=\"150\" height=\"150\" srcset=\"https:\/\/i0.wp.com\/emk-koenigswalde.de\/2015EmK\/wp-content\/uploads\/2016\/01\/2.jpg?resize=150%2C150&amp;ssl=1 150w, https:\/\/i0.wp.com\/emk-koenigswalde.de\/2015EmK\/wp-content\/uploads\/2016\/01\/2.jpg?zoom=2&amp;resize=150%2C150 300w, https:\/\/i0.wp.com\/emk-koenigswalde.de\/2015EmK\/wp-content\/uploads\/2016\/01\/2.jpg?zoom=3&amp;resize=150%2C150 450w\" sizes=\"auto, (max-width: 150px) 100vw, 150px\" \/><\/a><\/p>\n<p><a href=\"https:\/\/i0.wp.com\/emk-koenigswalde.de\/2015EmK\/wp-content\/uploads\/2016\/01\/1.jpg\"><img data-attachment-id=\"1527\" data-permalink=\"https:\/\/emk-koenigswalde.de\/2015EmK\/kreuzkirche\/kinder-mildenau\/krabbelkaefer-zeit\/attachment\/1\/#main\" data-orig-file=\"https:\/\/i0.wp.com\/emk-koenigswalde.de\/2015EmK\/wp-content\/uploads\/2016\/01\/1.jpg?fit=1897%2C1521&amp;ssl=1\" data-orig-size=\"1897,1521\" data-comments-opened=\"0\" data-image-meta=\"{&quot;aperture&quot;:&quot;1.9&quot;,&quot;credit&quot;:&quot;&quot;,&quot;camera&quot;:&quot;SM-J500FN&quot;,&quot;caption&quot;:&quot;&quot;,&quot;created_timestamp&quot;:&quot;1475142183&quot;,&quot;copyright&quot;:&quot;&quot;,&quot;focal_length&quot;:&quot;3.7&quot;,&quot;iso&quot;:&quot;64&quot;,&quot;shutter_speed&quot;:&quot;0.02&quot;,&quot;title&quot;:&quot;&quot;,&quot;orientation&quot;:&quot;1&quot;}\" data-image-title=\"1\" data-image-description=\"\" data-image-caption=\"\" data-large-file=\"https:\/\/i0.wp.com\/emk-koenigswalde.de\/2015EmK\/wp-content\/uploads\/2016\/01\/1.jpg?fit=720%2C577&amp;ssl=1\" data-recalc-dims=\"1\" loading=\"lazy\" decoding=\"async\" class=\"wp-image-1527 size-thumbnail alignnone\" src=\"https:\/\/i0.wp.com\/emk-koenigswalde.de\/2015EmK\/wp-content\/uploads\/2016\/01\/1.jpg?resize=150%2C150\" alt=\"1\" width=\"150\" height=\"150\" srcset=\"https:\/\/i0.wp.com\/emk-koenigswalde.de\/2015EmK\/wp-content\/uploads\/2016\/01\/1.jpg?resize=150%2C150&amp;ssl=1 150w, https:\/\/i0.wp.com\/emk-koenigswalde.de\/2015EmK\/wp-content\/uploads\/2016\/01\/1.jpg?zoom=2&amp;resize=150%2C150 300w, https:\/\/i0.wp.com\/emk-koenigswalde.de\/2015EmK\/wp-content\/uploads\/2016\/01\/1.jpg?zoom=3&amp;resize=150%2C150 450w\" sizes=\"auto, (max-width: 150px) 100vw, 150px\" \/><\/a>\u00a0 <a href=\"https:\/\/i0.wp.com\/emk-koenigswalde.de\/2015EmK\/wp-content\/uploads\/2016\/01\/6.jpg\"><img data-attachment-id=\"1532\" data-permalink=\"https:\/\/emk-koenigswalde.de\/2015EmK\/kreuzkirche\/kinder-mildenau\/krabbelkaefer-zeit\/attachment\/6\/#main\" data-orig-file=\"https:\/\/i0.wp.com\/emk-koenigswalde.de\/2015EmK\/wp-content\/uploads\/2016\/01\/6.jpg?fit=2473%2C1553&amp;ssl=1\" data-orig-size=\"2473,1553\" data-comments-opened=\"0\" data-image-meta=\"{&quot;aperture&quot;:&quot;1.9&quot;,&quot;credit&quot;:&quot;&quot;,&quot;camera&quot;:&quot;SM-J500FN&quot;,&quot;caption&quot;:&quot;&quot;,&quot;created_timestamp&quot;:&quot;1475144033&quot;,&quot;copyright&quot;:&quot;&quot;,&quot;focal_length&quot;:&quot;3.7&quot;,&quot;iso&quot;:&quot;80&quot;,&quot;shutter_speed&quot;:&quot;0.03030303030303&quot;,&quot;title&quot;:&quot;&quot;,&quot;orientation&quot;:&quot;6&quot;}\" data-image-title=\"6\" data-image-description=\"\" data-image-caption=\"\" data-large-file=\"https:\/\/i0.wp.com\/emk-koenigswalde.de\/2015EmK\/wp-content\/uploads\/2016\/01\/6.jpg?fit=720%2C452&amp;ssl=1\" data-recalc-dims=\"1\" loading=\"lazy\" decoding=\"async\" class=\"alignnone wp-image-1532 size-thumbnail\" src=\"https:\/\/i0.wp.com\/emk-koenigswalde.de\/2015EmK\/wp-content\/uploads\/2016\/01\/6.jpg?resize=150%2C150\" alt=\"6\" width=\"150\" height=\"150\" srcset=\"https:\/\/i0.wp.com\/emk-koenigswalde.de\/2015EmK\/wp-content\/uploads\/2016\/01\/6.jpg?resize=150%2C150&amp;ssl=1 150w, https:\/\/i0.wp.com\/emk-koenigswalde.de\/2015EmK\/wp-content\/uploads\/2016\/01\/6.jpg?zoom=2&amp;resize=150%2C150 300w, https:\/\/i0.wp.com\/emk-koenigswalde.de\/2015EmK\/wp-content\/uploads\/2016\/01\/6.jpg?zoom=3&amp;resize=150%2C150 450w\" sizes=\"auto, (max-width: 150px) 100vw, 150px\" \/><\/a>\u00a0 <a href=\"https:\/\/i0.wp.com\/emk-koenigswalde.de\/2015EmK\/wp-content\/uploads\/2016\/01\/20160929_094245.jpg\"><img data-attachment-id=\"1535\" data-permalink=\"https:\/\/emk-koenigswalde.de\/2015EmK\/kreuzkirche\/kinder-mildenau\/krabbelkaefer-zeit\/20160929_094245\/#main\" data-orig-file=\"https:\/\/i0.wp.com\/emk-koenigswalde.de\/2015EmK\/wp-content\/uploads\/2016\/01\/20160929_094245.jpg?fit=2265%2C1889&amp;ssl=1\" data-orig-size=\"2265,1889\" data-comments-opened=\"0\" data-image-meta=\"{&quot;aperture&quot;:&quot;1.9&quot;,&quot;credit&quot;:&quot;&quot;,&quot;camera&quot;:&quot;SM-J500FN&quot;,&quot;caption&quot;:&quot;&quot;,&quot;created_timestamp&quot;:&quot;1475142165&quot;,&quot;copyright&quot;:&quot;&quot;,&quot;focal_length&quot;:&quot;3.7&quot;,&quot;iso&quot;:&quot;80&quot;,&quot;shutter_speed&quot;:&quot;0.03030303030303&quot;,&quot;title&quot;:&quot;&quot;,&quot;orientation&quot;:&quot;1&quot;}\" data-image-title=\"20160929_094245\" data-image-description=\"\" data-image-caption=\"\" data-large-file=\"https:\/\/i0.wp.com\/emk-koenigswalde.de\/2015EmK\/wp-content\/uploads\/2016\/01\/20160929_094245.jpg?fit=720%2C600&amp;ssl=1\" data-recalc-dims=\"1\" loading=\"lazy\" decoding=\"async\" class=\"alignnone wp-image-1535 size-thumbnail\" src=\"https:\/\/i0.wp.com\/emk-koenigswalde.de\/2015EmK\/wp-content\/uploads\/2016\/01\/20160929_094245.jpg?resize=150%2C150\" alt=\"20160929_094245\" width=\"150\" height=\"150\" srcset=\"https:\/\/i0.wp.com\/emk-koenigswalde.de\/2015EmK\/wp-content\/uploads\/2016\/01\/20160929_094245.jpg?resize=150%2C150&amp;ssl=1 150w, https:\/\/i0.wp.com\/emk-koenigswalde.de\/2015EmK\/wp-content\/uploads\/2016\/01\/20160929_094245.jpg?zoom=2&amp;resize=150%2C150 300w, https:\/\/i0.wp.com\/emk-koenigswalde.de\/2015EmK\/wp-content\/uploads\/2016\/01\/20160929_094245.jpg?zoom=3&amp;resize=150%2C150 450w\" sizes=\"auto, (max-width: 150px) 100vw, 150px\" \/><\/a><\/p>\n<\/div>\n<\/div><\/div><\/div><\/div><\/div>","protected":false},"excerpt":{"rendered":"<p>Liebe Papas und Mamas!Ihr m\u00f6chtet eine intensive Zeit mit Eurem kleinen Baby verbringen, dann kommt die Krabbelk\u00e4ferzeit wie gerufen f\u00fcr Euch. In einem kuschlig warmen Zimmer k\u00f6nnt Ihr Euren Nachwuchs so richtig bei einer Babymassage verw\u00f6hnen. Dazu lernen wir Reime und Fingerspiele und untermauern unsere sanften Streicheleinheiten mit immerwiederkehrenden Liedern. Schaut einfach mal vorbei und [&hellip;]<\/p>\n","protected":false},"author":1,"featured_media":0,"parent":6,"menu_order":0,"comment_status":"closed","ping_status":"closed","template":"","meta":{"_bbp_topic_count":0,"_bbp_reply_count":0,"_bbp_total_topic_count":0,"_bbp_total_reply_count":0,"_bbp_voice_count":0,"_bbp_anonymous_reply_count":0,"_bbp_topic_count_hidden":0,"_bbp_reply_count_hidden":0,"_bbp_forum_subforum_count":0,"footnotes":""},"class_list":["post-1115","page","type-page","status-publish","hentry","post"],"jetpack_sharing_enabled":true,"jetpack_shortlink":"https:\/\/wp.me\/Paj5Uq-hZ","jetpack-related-posts":[],"_links":{"self":[{"href":"https:\/\/emk-koenigswalde.de\/2015EmK\/wp-json\/wp\/v2\/pages\/1115","targetHints":{"allow":["GET"]}}],"collection":[{"href":"https:\/\/emk-koenigswalde.de\/2015EmK\/wp-json\/wp\/v2\/pages"}],"about":[{"href":"https:\/\/emk-koenigswalde.de\/2015EmK\/wp-json\/wp\/v2\/types\/page"}],"author":[{"embeddable":true,"href":"https:\/\/emk-koenigswalde.de\/2015EmK\/wp-json\/wp\/v2\/users\/1"}],"replies":[{"embeddable":true,"href":"https:\/\/emk-koenigswalde.de\/2015EmK\/wp-json\/wp\/v2\/comments?post=1115"}],"version-history":[{"count":18,"href":"https:\/\/emk-koenigswalde.de\/2015EmK\/wp-json\/wp\/v2\/pages\/1115\/revisions"}],"predecessor-version":[{"id":6436,"href":"https:\/\/emk-koenigswalde.de\/2015EmK\/wp-json\/wp\/v2\/pages\/1115\/revisions\/6436"}],"up":[{"embeddable":true,"href":"https:\/\/emk-koenigswalde.de\/2015EmK\/wp-json\/wp\/v2\/pages\/6"}],"wp:attachment":[{"href":"https:\/\/emk-koenigswalde.de\/2015EmK\/wp-json\/wp\/v2\/media?parent=1115"}],"curies":[{"name":"wp","href":"https:\/\/api.w.org\/{rel}","templated":true}]}}