{"id":1133,"date":"2016-01-21T21:09:14","date_gmt":"2016-01-21T20:09:14","guid":{"rendered":"http:\/\/emk-koenigswalde.de\/2015EmK\/?page_id=1133"},"modified":"2017-02-27T20:34:28","modified_gmt":"2017-02-27T19:34:28","slug":"gemischter-chor","status":"publish","type":"page","link":"https:\/\/emk-koenigswalde.de\/2015EmK\/kreuzkirche\/musik\/gemischter-chor\/","title":{"rendered":"Gemischter Chor"},"content":{"rendered":"<p>Viele singe-begeisterte Frauen und M\u00e4nner treffen sich w\u00f6chentlich zur Chorprobe, um die Gottesdienste musikalisch zu bereichern. Gesungen wird verschiedene Literatur f\u00fcr vierstimmigen gemischten Chor, sowohl a-capella als auch mit Unterst\u00fctzung durch Klavier und andere Instrumente. Schon seit vielen Jahren geh\u00f6ren die Teilnahme an \u00fcberregionalen S\u00e4ngerfesten sowie eine gemeinsame Chorausfahrt fest zur Tradition.<\/p>\n<p>Weiterhin gibt es auch einen M\u00e4nnerchor, in dem vierstimmige Musik f\u00fcr M\u00e4nnerstimmen einge\u00fcbt und im Gottesdienst gesungen\u00a0wird.<\/p>\n<p><a href=\"https:\/\/i0.wp.com\/emk-koenigswalde.de\/2015EmK\/wp-content\/uploads\/2016\/01\/2015-Gemeindefest_009.jpg\" rel=\"attachment wp-att-1236\"><img data-recalc-dims=\"1\" loading=\"lazy\" decoding=\"async\" data-attachment-id=\"1236\" data-permalink=\"https:\/\/emk-koenigswalde.de\/2015EmK\/kreuzkirche\/musik\/gemischter-chor\/2015-gemeindefest_009\/#main\" data-orig-file=\"https:\/\/i0.wp.com\/emk-koenigswalde.de\/2015EmK\/wp-content\/uploads\/2016\/01\/2015-Gemeindefest_009.jpg?fit=1024%2C683&amp;ssl=1\" data-orig-size=\"1024,683\" data-comments-opened=\"0\" data-image-meta=\"{&quot;aperture&quot;:&quot;0&quot;,&quot;credit&quot;:&quot;&quot;,&quot;camera&quot;:&quot;&quot;,&quot;caption&quot;:&quot;&quot;,&quot;created_timestamp&quot;:&quot;0&quot;,&quot;copyright&quot;:&quot;&quot;,&quot;focal_length&quot;:&quot;0&quot;,&quot;iso&quot;:&quot;0&quot;,&quot;shutter_speed&quot;:&quot;0&quot;,&quot;title&quot;:&quot;&quot;,&quot;orientation&quot;:&quot;0&quot;}\" data-image-title=\"2015-Gemeindefest_009\" data-image-description=\"\" data-image-caption=\"\" data-large-file=\"https:\/\/i0.wp.com\/emk-koenigswalde.de\/2015EmK\/wp-content\/uploads\/2016\/01\/2015-Gemeindefest_009.jpg?fit=720%2C480&amp;ssl=1\" class=\"alignnone wp-image-1236 size-full\" src=\"https:\/\/i0.wp.com\/emk-koenigswalde.de\/2015EmK\/wp-content\/uploads\/2016\/01\/2015-Gemeindefest_009.jpg?resize=720%2C480\" alt=\"2015-Gemeindefest_009\" width=\"720\" height=\"480\" srcset=\"https:\/\/i0.wp.com\/emk-koenigswalde.de\/2015EmK\/wp-content\/uploads\/2016\/01\/2015-Gemeindefest_009.jpg?w=1024&amp;ssl=1 1024w, https:\/\/i0.wp.com\/emk-koenigswalde.de\/2015EmK\/wp-content\/uploads\/2016\/01\/2015-Gemeindefest_009.jpg?resize=300%2C200&amp;ssl=1 300w, https:\/\/i0.wp.com\/emk-koenigswalde.de\/2015EmK\/wp-content\/uploads\/2016\/01\/2015-Gemeindefest_009.jpg?resize=768%2C512&amp;ssl=1 768w, https:\/\/i0.wp.com\/emk-koenigswalde.de\/2015EmK\/wp-content\/uploads\/2016\/01\/2015-Gemeindefest_009.jpg?resize=272%2C182&amp;ssl=1 272w\" sizes=\"auto, (max-width: 720px) 100vw, 720px\" \/><\/a><\/p>\n<p>Wer\u00a0auch begeisterter Chors\u00e4nger ist oder es werden m\u00f6chte, ist hier genau richtig!<\/p>\n<p>Kontakt: Christoph Wagner (Tel. 03733 555751)<\/p>\n","protected":false},"excerpt":{"rendered":"<p>Viele singe-begeisterte Frauen und M\u00e4nner treffen sich w\u00f6chentlich zur Chorprobe, um die Gottesdienste musikalisch zu bereichern. Gesungen wird verschiedene Literatur f\u00fcr vierstimmigen gemischten Chor, sowohl a-capella als auch mit Unterst\u00fctzung durch Klavier und andere Instrumente. Schon seit vielen Jahren geh\u00f6ren die Teilnahme an \u00fcberregionalen S\u00e4ngerfesten sowie eine gemeinsame Chorausfahrt fest zur Tradition. Weiterhin gibt es [&hellip;]<\/p>\n","protected":false},"author":1,"featured_media":0,"parent":1135,"menu_order":0,"comment_status":"closed","ping_status":"closed","template":"","meta":{"_bbp_topic_count":0,"_bbp_reply_count":0,"_bbp_total_topic_count":0,"_bbp_total_reply_count":0,"_bbp_voice_count":0,"_bbp_anonymous_reply_count":0,"_bbp_topic_count_hidden":0,"_bbp_reply_count_hidden":0,"_bbp_forum_subforum_count":0,"footnotes":""},"class_list":["post-1133","page","type-page","status-publish","hentry","post"],"jetpack_sharing_enabled":true,"jetpack_shortlink":"https:\/\/wp.me\/Paj5Uq-ih","jetpack-related-posts":[],"_links":{"self":[{"href":"https:\/\/emk-koenigswalde.de\/2015EmK\/wp-json\/wp\/v2\/pages\/1133","targetHints":{"allow":["GET"]}}],"collection":[{"href":"https:\/\/emk-koenigswalde.de\/2015EmK\/wp-json\/wp\/v2\/pages"}],"about":[{"href":"https:\/\/emk-koenigswalde.de\/2015EmK\/wp-json\/wp\/v2\/types\/page"}],"author":[{"embeddable":true,"href":"https:\/\/emk-koenigswalde.de\/2015EmK\/wp-json\/wp\/v2\/users\/1"}],"replies":[{"embeddable":true,"href":"https:\/\/emk-koenigswalde.de\/2015EmK\/wp-json\/wp\/v2\/comments?post=1133"}],"version-history":[{"count":4,"href":"https:\/\/emk-koenigswalde.de\/2015EmK\/wp-json\/wp\/v2\/pages\/1133\/revisions"}],"predecessor-version":[{"id":2378,"href":"https:\/\/emk-koenigswalde.de\/2015EmK\/wp-json\/wp\/v2\/pages\/1133\/revisions\/2378"}],"up":[{"embeddable":true,"href":"https:\/\/emk-koenigswalde.de\/2015EmK\/wp-json\/wp\/v2\/pages\/1135"}],"wp:attachment":[{"href":"https:\/\/emk-koenigswalde.de\/2015EmK\/wp-json\/wp\/v2\/media?parent=1133"}],"curies":[{"name":"wp","href":"https:\/\/api.w.org\/{rel}","templated":true}]}}