{"id":1135,"date":"2016-01-21T21:11:16","date_gmt":"2016-01-21T20:11:16","guid":{"rendered":"http:\/\/emk-koenigswalde.de\/2015EmK\/?page_id=1135"},"modified":"2017-10-25T13:34:49","modified_gmt":"2017-10-25T11:34:49","slug":"musik","status":"publish","type":"page","link":"https:\/\/emk-koenigswalde.de\/2015EmK\/kreuzkirche\/musik\/","title":{"rendered":"Musik"},"content":{"rendered":"<div id=\"pl-1135\"  class=\"panel-layout\" ><div id=\"pg-1135-0\"  class=\"panel-grid panel-no-style\" ><div id=\"pgc-1135-0-0\"  class=\"panel-grid-cell\" ><div id=\"panel-1135-0-0-0\" class=\"so-panel widget widget_sow-editor panel-first-child panel-last-child\" data-index=\"0\" ><div\n\t\t\t\n\t\t\tclass=\"so-widget-sow-editor so-widget-sow-editor-base\"\n\t\t\t\n\t\t>\n<div class=\"siteorigin-widget-tinymce textwidget\">\n\t<p>In den Gottesdiensten der EmK Mildenau gibt es eine gro\u00dfe Vielfalt an verschiedener Musik: regelm\u00e4\u00dfig singen Ch\u00f6re und Solisten, es spielt der Posaunenchor oder es musiziert unser Lobpreis-Team.<\/p>\n<p>Was alle Musiker und S\u00e4nger vereint, ist die Freude am gemeinsamen Musizieren, um damit Jesus die Ehre zu geben, wie schon zu allen Zeiten Christen f\u00fcr Gott gesungen und musiziert haben.<\/p>\n<p>In allen Musikgruppen sind neue Gesichter jederzeit herzlich willkommen!<\/p>\n<\/div>\n<\/div><\/div><\/div><\/div><\/div>","protected":false},"excerpt":{"rendered":"<p>In den Gottesdiensten der EmK Mildenau gibt es eine gro\u00dfe Vielfalt an verschiedener Musik: regelm\u00e4\u00dfig singen Ch\u00f6re und Solisten, es spielt der Posaunenchor oder es musiziert unser Lobpreis-Team. Was alle Musiker und S\u00e4nger vereint, ist die Freude am gemeinsamen Musizieren, um damit Jesus die Ehre zu geben, wie schon zu allen Zeiten Christen f\u00fcr Gott [&hellip;]<\/p>\n","protected":false},"author":1,"featured_media":0,"parent":41,"menu_order":0,"comment_status":"closed","ping_status":"closed","template":"","meta":{"_bbp_topic_count":0,"_bbp_reply_count":0,"_bbp_total_topic_count":0,"_bbp_total_reply_count":0,"_bbp_voice_count":0,"_bbp_anonymous_reply_count":0,"_bbp_topic_count_hidden":0,"_bbp_reply_count_hidden":0,"_bbp_forum_subforum_count":0,"footnotes":""},"class_list":["post-1135","page","type-page","status-publish","hentry","post"],"jetpack_sharing_enabled":true,"jetpack_shortlink":"https:\/\/wp.me\/Paj5Uq-ij","jetpack-related-posts":[],"_links":{"self":[{"href":"https:\/\/emk-koenigswalde.de\/2015EmK\/wp-json\/wp\/v2\/pages\/1135","targetHints":{"allow":["GET"]}}],"collection":[{"href":"https:\/\/emk-koenigswalde.de\/2015EmK\/wp-json\/wp\/v2\/pages"}],"about":[{"href":"https:\/\/emk-koenigswalde.de\/2015EmK\/wp-json\/wp\/v2\/types\/page"}],"author":[{"embeddable":true,"href":"https:\/\/emk-koenigswalde.de\/2015EmK\/wp-json\/wp\/v2\/users\/1"}],"replies":[{"embeddable":true,"href":"https:\/\/emk-koenigswalde.de\/2015EmK\/wp-json\/wp\/v2\/comments?post=1135"}],"version-history":[{"count":8,"href":"https:\/\/emk-koenigswalde.de\/2015EmK\/wp-json\/wp\/v2\/pages\/1135\/revisions"}],"predecessor-version":[{"id":3021,"href":"https:\/\/emk-koenigswalde.de\/2015EmK\/wp-json\/wp\/v2\/pages\/1135\/revisions\/3021"}],"up":[{"embeddable":true,"href":"https:\/\/emk-koenigswalde.de\/2015EmK\/wp-json\/wp\/v2\/pages\/41"}],"wp:attachment":[{"href":"https:\/\/emk-koenigswalde.de\/2015EmK\/wp-json\/wp\/v2\/media?parent=1135"}],"curies":[{"name":"wp","href":"https:\/\/api.w.org\/{rel}","templated":true}]}}