{"id":1544,"date":"2016-12-16T20:22:51","date_gmt":"2016-12-16T19:22:51","guid":{"rendered":"http:\/\/emk-koenigswalde.de\/2015EmK\/?page_id=1544"},"modified":"2016-12-20T08:58:14","modified_gmt":"2016-12-20T07:58:14","slug":"geschichte-der-gemeinde","status":"publish","type":"page","link":"https:\/\/emk-koenigswalde.de\/2015EmK\/erloeserkirche\/geschichte-der-gemeinde\/","title":{"rendered":"Geschichte der Gemeinde"},"content":{"rendered":"<p><a href=\"https:\/\/i0.wp.com\/emk-koenigswalde.de\/2015EmK\/wp-content\/uploads\/2016\/12\/Bild-15-Lindenstra%C3%9Fe-12-4.jpg\"><img data-recalc-dims=\"1\" loading=\"lazy\" decoding=\"async\" data-attachment-id=\"1545\" data-permalink=\"https:\/\/emk-koenigswalde.de\/2015EmK\/erloeserkirche\/geschichte-der-gemeinde\/bild-15-lindenstrasse-12-4\/#main\" data-orig-file=\"https:\/\/i0.wp.com\/emk-koenigswalde.de\/2015EmK\/wp-content\/uploads\/2016\/12\/Bild-15-Lindenstra%C3%9Fe-12-4.jpg?fit=1099%2C691&amp;ssl=1\" data-orig-size=\"1099,691\" data-comments-opened=\"0\" data-image-meta=\"{&quot;aperture&quot;:&quot;0&quot;,&quot;credit&quot;:&quot;&quot;,&quot;camera&quot;:&quot;HP psc1310&quot;,&quot;caption&quot;:&quot;&quot;,&quot;created_timestamp&quot;:&quot;0&quot;,&quot;copyright&quot;:&quot;&quot;,&quot;focal_length&quot;:&quot;0&quot;,&quot;iso&quot;:&quot;0&quot;,&quot;shutter_speed&quot;:&quot;0&quot;,&quot;title&quot;:&quot;&quot;,&quot;orientation&quot;:&quot;0&quot;}\" data-image-title=\"bild-15-lindenstrasse-12-4\" data-image-description=\"\" data-image-caption=\"\" data-large-file=\"https:\/\/i0.wp.com\/emk-koenigswalde.de\/2015EmK\/wp-content\/uploads\/2016\/12\/Bild-15-Lindenstra%C3%9Fe-12-4.jpg?fit=720%2C453&amp;ssl=1\" class=\"size-medium wp-image-1545 aligncenter\" src=\"https:\/\/i0.wp.com\/emk-koenigswalde.de\/2015EmK\/wp-content\/uploads\/2016\/12\/Bild-15-Lindenstra%C3%9Fe-12-4.jpg?resize=300%2C189\" alt=\"bild-15-lindenstrasse-12-4\" width=\"300\" height=\"189\" srcset=\"https:\/\/i0.wp.com\/emk-koenigswalde.de\/2015EmK\/wp-content\/uploads\/2016\/12\/Bild-15-Lindenstra%C3%9Fe-12-4.jpg?resize=300%2C189&amp;ssl=1 300w, https:\/\/i0.wp.com\/emk-koenigswalde.de\/2015EmK\/wp-content\/uploads\/2016\/12\/Bild-15-Lindenstra%C3%9Fe-12-4.jpg?resize=768%2C483&amp;ssl=1 768w, https:\/\/i0.wp.com\/emk-koenigswalde.de\/2015EmK\/wp-content\/uploads\/2016\/12\/Bild-15-Lindenstra%C3%9Fe-12-4.jpg?resize=1024%2C644&amp;ssl=1 1024w, https:\/\/i0.wp.com\/emk-koenigswalde.de\/2015EmK\/wp-content\/uploads\/2016\/12\/Bild-15-Lindenstra%C3%9Fe-12-4.jpg?w=1099&amp;ssl=1 1099w\" sizes=\"auto, (max-width: 300px) 100vw, 300px\" \/><\/a><\/p>\n<p>1892 besuchte Br. H. Neubert, ein Methodist aus Crottendorf, seine Verwandten in K\u00f6nigswalde. Sein Zeugnis von Jesus Christus ermunterte diese, auch nach K\u00f6nigswalde einmal einen methodistischen Prediger einzuladen. Dazu wurde am <strong>11. Oktober 1892<\/strong> im Haus des <strong>Gutsbesitzers Hecker<\/strong> ein Raum, ehemals Biersalon, f\u00fcr ein halbes Jahr gemietet. Das Geb\u00e4ude beherbergt die heutige Linden-apotheke, Lindenstra\u00dfe 17. Am <strong>23. Oktober 1892 <\/strong>hielt dann der Hilfsprediger Max Weber aus Annaberg die <strong>erste methodistische Versammlung <\/strong>in K\u00f6nigswalde. Von Anfang an gab es Schwierigkeiten mit den staatlichen Beh\u00f6rden aber auch der Lutherischen Landeskirche. Die methodistische Bewegung, auch in K\u00f6nigswalde, wurde als \u201eSekte\u201c bezeichnet. Der gemietete Saal durfte nur mit 50 Personen besetzt werden. Ansammlungen im Flur und vor dem Haus wurden verboten. Es durfte <strong>keine <\/strong>Kollekte gesammelt werden. Aber all das hielt das Werk unseres Herr Jesus Christus nicht auf. Die im Wachsen begriffene Gemeinde festigte sich mehr und mehr. Mitte 1895 wurde ein neuer Saal im Wolfschen Haus Fabrikstra\u00dfe 7 (jetzt Bittermann) bezogen. Im Februar 1898 wurden die Versammlungen aufgrund des beengten Raumes verboten. Daraufhin \u00fcbernahm es Br. Friedrich P\u00f6ttrich (Gutfriedrich) unter \u00dcberwindung vieler Schwierigkeiten an sein Haus einen Saal anzubauen. Bis zur Einweihung am <strong>27. November 1998 <\/strong>durfte keine Versammlung stattfinden. Dies bedeutete f\u00fcr die kleine Gemeinde eine harte Pr\u00fcfung.<\/p>\n<p>1907 wurde mit der Sonntagschularbeit begonnen. Der Besuch scheint von Anfang an recht gut gewesen zu sein, denn 1911 wurden durchschnittlich 60 \u2013 90 Kinder betreut.<\/p>\n<p>Nach dem 1. Weltkrieg nahm die Gemeinde in K\u00f6nigswalde stetig zu. Darum schuf man einen Baufonds um einen gr\u00f6\u00dferen Versammlungssaal mit Wohnhaus zu bauen.<\/p>\n<p>Die Grundsteinlegung erfolgte am 07. Juli 1927 und am 16. Oktober 1927 fand nach einer Bauzeit von nur 4 Monaten und 9 Tagen die feierliche Einweihung statt. Bauausf\u00fchrende Firma war die Firma Emil Martin Annaberg. Im Jahr 1948 wurde unsere Kirche nochmals grundhaft renoviert und am 04. Juni 1948 geweiht, dabei erhielt sie ihren jetzigen Namen <strong>\u201eErl\u00f6serkirche\u201c<\/strong>.<\/p>\n<p>Im Jahr 1912 geh\u00f6rte die Gemeinde zum neu gebildeten Bezirk Neudorf. 1925 beschloss die Norddeutsche J\u00e4hrliche Konferenz, aus dem zu gro\u00df gewordenen Bezirk Neudorf die Gemeinden K\u00f6nigswalde, Mildenau, K\u00fchberg, B\u00e4renstein und Streckenwalde auszugliedern und einen selbst\u00e4ndigen Bezirk K\u00f6nigswalde zu bilden.<\/p>\n<p>&nbsp;<\/p>\n","protected":false},"excerpt":{"rendered":"<p>1892 besuchte Br. H. Neubert, ein Methodist aus Crottendorf, seine Verwandten in K\u00f6nigswalde. Sein Zeugnis von Jesus Christus ermunterte diese, auch nach K\u00f6nigswalde einmal einen methodistischen Prediger einzuladen. Dazu wurde am 11. Oktober 1892 im Haus des Gutsbesitzers Hecker ein Raum, ehemals Biersalon, f\u00fcr ein halbes Jahr gemietet. Das Geb\u00e4ude beherbergt die heutige Linden-apotheke, Lindenstra\u00dfe [&hellip;]<\/p>\n","protected":false},"author":8,"featured_media":0,"parent":44,"menu_order":0,"comment_status":"closed","ping_status":"closed","template":"","meta":{"_bbp_topic_count":0,"_bbp_reply_count":0,"_bbp_total_topic_count":0,"_bbp_total_reply_count":0,"_bbp_voice_count":0,"_bbp_anonymous_reply_count":0,"_bbp_topic_count_hidden":0,"_bbp_reply_count_hidden":0,"_bbp_forum_subforum_count":0,"footnotes":""},"class_list":["post-1544","page","type-page","status-publish","hentry","post"],"jetpack_sharing_enabled":true,"jetpack_shortlink":"https:\/\/wp.me\/Paj5Uq-oU","jetpack-related-posts":[],"_links":{"self":[{"href":"https:\/\/emk-koenigswalde.de\/2015EmK\/wp-json\/wp\/v2\/pages\/1544","targetHints":{"allow":["GET"]}}],"collection":[{"href":"https:\/\/emk-koenigswalde.de\/2015EmK\/wp-json\/wp\/v2\/pages"}],"about":[{"href":"https:\/\/emk-koenigswalde.de\/2015EmK\/wp-json\/wp\/v2\/types\/page"}],"author":[{"embeddable":true,"href":"https:\/\/emk-koenigswalde.de\/2015EmK\/wp-json\/wp\/v2\/users\/8"}],"replies":[{"embeddable":true,"href":"https:\/\/emk-koenigswalde.de\/2015EmK\/wp-json\/wp\/v2\/comments?post=1544"}],"version-history":[{"count":3,"href":"https:\/\/emk-koenigswalde.de\/2015EmK\/wp-json\/wp\/v2\/pages\/1544\/revisions"}],"predecessor-version":[{"id":2062,"href":"https:\/\/emk-koenigswalde.de\/2015EmK\/wp-json\/wp\/v2\/pages\/1544\/revisions\/2062"}],"up":[{"embeddable":true,"href":"https:\/\/emk-koenigswalde.de\/2015EmK\/wp-json\/wp\/v2\/pages\/44"}],"wp:attachment":[{"href":"https:\/\/emk-koenigswalde.de\/2015EmK\/wp-json\/wp\/v2\/media?parent=1544"}],"curies":[{"name":"wp","href":"https:\/\/api.w.org\/{rel}","templated":true}]}}