{"id":1587,"date":"2016-12-19T17:53:54","date_gmt":"2016-12-19T16:53:54","guid":{"rendered":"http:\/\/emk-koenigswalde.de\/2015EmK\/?page_id=1587"},"modified":"2024-03-01T17:01:05","modified_gmt":"2024-03-01T16:01:05","slug":"wir-ueber-uns","status":"publish","type":"page","link":"https:\/\/emk-koenigswalde.de\/2015EmK\/kreuzkirche\/wir-ueber-uns\/","title":{"rendered":"Wir \u00fcber uns"},"content":{"rendered":"<p>Wichtig ist uns, dass Menschen in unserer Gemeinde Heimat finden, dass wir uns gemeinsam auf die spannende Suche nach Gott begeben, Freude und Leid des Lebens teilen, sowie Trost und St\u00e4rkung aus der Gemeinschaft untereinander und aus der Begegnung mit Jesus Christus erfahren.<br \/>\nZentraler Anlaufpunkt hierf\u00fcr ist der sonnt\u00e4gliche Gottesdienst. Wir finden uns ein vor Gott zum gemeinsamen Anbeten und Feiern.<br \/>\nDar\u00fcber hinaus gibt es zahlreiche Kreise und Gruppen, die sich \u00fcber die Woche oder den Monat verteilt treffen.<br \/>\nSchau vorbei! Wir laden dich zu allen Veranstaltungen und zu den Gottesdiensten herzlich ein.<\/p>\n<pre><a href=\"https:\/\/i0.wp.com\/emk-koenigswalde.de\/2015EmK\/wp-content\/uploads\/2016\/01\/Oktober-2016-047-e1482355890538.jpg\"><img data-recalc-dims=\"1\" loading=\"lazy\" decoding=\"async\" data-attachment-id=\"2102\" data-permalink=\"https:\/\/emk-koenigswalde.de\/2015EmK\/kreuzkirche\/kinder-mildenau\/treffpunkt\/oktober-2016-047\/#main\" data-orig-file=\"https:\/\/i0.wp.com\/emk-koenigswalde.de\/2015EmK\/wp-content\/uploads\/2016\/01\/Oktober-2016-047-e1482355890538.jpg?fit=1351%2C1320&amp;ssl=1\" data-orig-size=\"1351,1320\" data-comments-opened=\"0\" data-image-meta=\"{&quot;aperture&quot;:&quot;5.2&quot;,&quot;credit&quot;:&quot;&quot;,&quot;camera&quot;:&quot;DSC-W80&quot;,&quot;caption&quot;:&quot;&quot;,&quot;created_timestamp&quot;:&quot;1476882538&quot;,&quot;copyright&quot;:&quot;&quot;,&quot;focal_length&quot;:&quot;17.4&quot;,&quot;iso&quot;:&quot;320&quot;,&quot;shutter_speed&quot;:&quot;0.003125&quot;,&quot;title&quot;:&quot;&quot;,&quot;orientation&quot;:&quot;1&quot;}\" data-image-title=\"Oktober 2016 047\" data-image-description=\"\" data-image-caption=\"\" data-large-file=\"https:\/\/i0.wp.com\/emk-koenigswalde.de\/2015EmK\/wp-content\/uploads\/2016\/01\/Oktober-2016-047-e1482355890538.jpg?fit=720%2C704&amp;ssl=1\" class=\"wp-image-2102 size-thumbnail alignleft\" src=\"https:\/\/i0.wp.com\/emk-koenigswalde.de\/2015EmK\/wp-content\/uploads\/2016\/01\/Oktober-2016-047-e1482355890538-150x150.jpg?resize=150%2C150\" width=\"150\" height=\"150\" srcset=\"https:\/\/i0.wp.com\/emk-koenigswalde.de\/2015EmK\/wp-content\/uploads\/2016\/01\/Oktober-2016-047-e1482355890538.jpg?resize=150%2C150&amp;ssl=1 150w, https:\/\/i0.wp.com\/emk-koenigswalde.de\/2015EmK\/wp-content\/uploads\/2016\/01\/Oktober-2016-047-e1482355890538.jpg?zoom=2&amp;resize=150%2C150 300w, https:\/\/i0.wp.com\/emk-koenigswalde.de\/2015EmK\/wp-content\/uploads\/2016\/01\/Oktober-2016-047-e1482355890538.jpg?zoom=3&amp;resize=150%2C150 450w\" sizes=\"auto, (max-width: 150px) 100vw, 150px\" \/><\/a>\u00a0<a href=\"https:\/\/i0.wp.com\/emk-koenigswalde.de\/2015EmK\/wp-content\/uploads\/2015\/06\/EMK-Mild3.jpg\"><img data-recalc-dims=\"1\" loading=\"lazy\" decoding=\"async\" class=\"wp-image-25 alignnone\" src=\"https:\/\/i0.wp.com\/emk-koenigswalde.de\/2015EmK\/wp-content\/uploads\/2015\/06\/EMK-Mild3.jpg?resize=259%2C99\" alt=\"\" width=\"259\" height=\"99\" \/><\/a> <img data-recalc-dims=\"1\" loading=\"lazy\" decoding=\"async\" data-attachment-id=\"2093\" data-permalink=\"https:\/\/emk-koenigswalde.de\/2015EmK\/kreuzkirche\/kinder-mildenau\/treffpunkt\/jahr2015-219\/#main\" data-orig-file=\"https:\/\/i0.wp.com\/emk-koenigswalde.de\/2015EmK\/wp-content\/uploads\/2016\/01\/Jahr2015-219-e1482355942337.jpg?fit=1556%2C1295&amp;ssl=1\" data-orig-size=\"1556,1295\" data-comments-opened=\"0\" data-image-meta=\"{&quot;aperture&quot;:&quot;5.2&quot;,&quot;credit&quot;:&quot;&quot;,&quot;camera&quot;:&quot;DSC-W80&quot;,&quot;caption&quot;:&quot;&quot;,&quot;created_timestamp&quot;:&quot;1453459427&quot;,&quot;copyright&quot;:&quot;&quot;,&quot;focal_length&quot;:&quot;17.4&quot;,&quot;iso&quot;:&quot;125&quot;,&quot;shutter_speed&quot;:&quot;0.002&quot;,&quot;title&quot;:&quot;&quot;,&quot;orientation&quot;:&quot;1&quot;}\" data-image-title=\"Jahr2015 219\" data-image-description=\"\" data-image-caption=\"\" data-large-file=\"https:\/\/i0.wp.com\/emk-koenigswalde.de\/2015EmK\/wp-content\/uploads\/2016\/01\/Jahr2015-219-e1482355942337.jpg?fit=720%2C599&amp;ssl=1\" class=\"wp-image-2093 size-thumbnail alignnone\" src=\"https:\/\/i0.wp.com\/emk-koenigswalde.de\/2015EmK\/wp-content\/uploads\/2016\/01\/Jahr2015-219-e1482355942337-150x150.jpg?resize=150%2C150\" width=\"150\" height=\"150\" srcset=\"https:\/\/i0.wp.com\/emk-koenigswalde.de\/2015EmK\/wp-content\/uploads\/2016\/01\/Jahr2015-219-e1482355942337.jpg?resize=150%2C150&amp;ssl=1 150w, https:\/\/i0.wp.com\/emk-koenigswalde.de\/2015EmK\/wp-content\/uploads\/2016\/01\/Jahr2015-219-e1482355942337.jpg?zoom=2&amp;resize=150%2C150 300w, https:\/\/i0.wp.com\/emk-koenigswalde.de\/2015EmK\/wp-content\/uploads\/2016\/01\/Jahr2015-219-e1482355942337.jpg?zoom=3&amp;resize=150%2C150 450w\" sizes=\"auto, (max-width: 150px) 100vw, 150px\" \/><\/pre>\n","protected":false},"excerpt":{"rendered":"<p>Wichtig ist uns, dass Menschen in unserer Gemeinde Heimat finden, dass wir uns gemeinsam auf die spannende Suche nach Gott begeben, Freude und Leid des Lebens teilen, sowie Trost und St\u00e4rkung aus der Gemeinschaft untereinander und aus der Begegnung mit Jesus Christus erfahren. Zentraler Anlaufpunkt hierf\u00fcr ist der sonnt\u00e4gliche Gottesdienst. Wir finden uns ein vor [&hellip;]<\/p>\n","protected":false},"author":1,"featured_media":0,"parent":41,"menu_order":0,"comment_status":"closed","ping_status":"closed","template":"","meta":{"_bbp_topic_count":0,"_bbp_reply_count":0,"_bbp_total_topic_count":0,"_bbp_total_reply_count":0,"_bbp_voice_count":0,"_bbp_anonymous_reply_count":0,"_bbp_topic_count_hidden":0,"_bbp_reply_count_hidden":0,"_bbp_forum_subforum_count":0,"footnotes":""},"class_list":["post-1587","page","type-page","status-publish","hentry","post"],"jetpack_sharing_enabled":true,"jetpack_shortlink":"https:\/\/wp.me\/Paj5Uq-pB","jetpack-related-posts":[],"_links":{"self":[{"href":"https:\/\/emk-koenigswalde.de\/2015EmK\/wp-json\/wp\/v2\/pages\/1587","targetHints":{"allow":["GET"]}}],"collection":[{"href":"https:\/\/emk-koenigswalde.de\/2015EmK\/wp-json\/wp\/v2\/pages"}],"about":[{"href":"https:\/\/emk-koenigswalde.de\/2015EmK\/wp-json\/wp\/v2\/types\/page"}],"author":[{"embeddable":true,"href":"https:\/\/emk-koenigswalde.de\/2015EmK\/wp-json\/wp\/v2\/users\/1"}],"replies":[{"embeddable":true,"href":"https:\/\/emk-koenigswalde.de\/2015EmK\/wp-json\/wp\/v2\/comments?post=1587"}],"version-history":[{"count":14,"href":"https:\/\/emk-koenigswalde.de\/2015EmK\/wp-json\/wp\/v2\/pages\/1587\/revisions"}],"predecessor-version":[{"id":6847,"href":"https:\/\/emk-koenigswalde.de\/2015EmK\/wp-json\/wp\/v2\/pages\/1587\/revisions\/6847"}],"up":[{"embeddable":true,"href":"https:\/\/emk-koenigswalde.de\/2015EmK\/wp-json\/wp\/v2\/pages\/41"}],"wp:attachment":[{"href":"https:\/\/emk-koenigswalde.de\/2015EmK\/wp-json\/wp\/v2\/media?parent=1587"}],"curies":[{"name":"wp","href":"https:\/\/api.w.org\/{rel}","templated":true}]}}