{"id":1617,"date":"2016-12-19T20:28:46","date_gmt":"2016-12-19T19:28:46","guid":{"rendered":"http:\/\/emk-koenigswalde.de\/2015EmK\/?page_id=1617"},"modified":"2016-12-19T20:41:16","modified_gmt":"2016-12-19T19:41:16","slug":"kindergottesdienst","status":"publish","type":"page","link":"https:\/\/emk-koenigswalde.de\/2015EmK\/erloeserkirche\/arbeit-mit-kindern\/kindergottesdienst\/","title":{"rendered":"Kindergottesdienst"},"content":{"rendered":"<p>Wir Kinder treffen uns jeden Sonntag im Anschluss an den Gottesdienst. Die Mitarbeiter des Kindergottesdienstes erz\u00e4hlen uns etwas \u00fcber Personen aus der Bibel und was sie mit Gott erlebt haben. Oft spielen und singen wir miteinander. Ein Gemeindefest feiern wir auch jedes Jahr. Hier haben wir eine Menge Spa\u00df zusammen mit den Erwachsenen. Zu Weihnachten f\u00fchren wir ein kleines St\u00fcck \u00fcber die Geburt Jesu ein. Sei ganz herzlich eingeladen \u2013 wir freuen uns auf dich.<\/p>\n","protected":false},"excerpt":{"rendered":"<p>Wir Kinder treffen uns jeden Sonntag im Anschluss an den Gottesdienst. Die Mitarbeiter des Kindergottesdienstes erz\u00e4hlen uns etwas \u00fcber Personen aus der Bibel und was sie mit Gott erlebt haben. Oft spielen und singen wir miteinander. Ein Gemeindefest feiern wir auch jedes Jahr. Hier haben wir eine Menge Spa\u00df zusammen mit den Erwachsenen. Zu Weihnachten [&hellip;]<\/p>\n","protected":false},"author":1,"featured_media":0,"parent":1607,"menu_order":0,"comment_status":"closed","ping_status":"closed","template":"","meta":{"_bbp_topic_count":0,"_bbp_reply_count":0,"_bbp_total_topic_count":0,"_bbp_total_reply_count":0,"_bbp_voice_count":0,"_bbp_anonymous_reply_count":0,"_bbp_topic_count_hidden":0,"_bbp_reply_count_hidden":0,"_bbp_forum_subforum_count":0,"footnotes":""},"class_list":["post-1617","page","type-page","status-publish","hentry","post"],"jetpack_sharing_enabled":true,"jetpack_shortlink":"https:\/\/wp.me\/Paj5Uq-q5","jetpack-related-posts":[],"_links":{"self":[{"href":"https:\/\/emk-koenigswalde.de\/2015EmK\/wp-json\/wp\/v2\/pages\/1617","targetHints":{"allow":["GET"]}}],"collection":[{"href":"https:\/\/emk-koenigswalde.de\/2015EmK\/wp-json\/wp\/v2\/pages"}],"about":[{"href":"https:\/\/emk-koenigswalde.de\/2015EmK\/wp-json\/wp\/v2\/types\/page"}],"author":[{"embeddable":true,"href":"https:\/\/emk-koenigswalde.de\/2015EmK\/wp-json\/wp\/v2\/users\/1"}],"replies":[{"embeddable":true,"href":"https:\/\/emk-koenigswalde.de\/2015EmK\/wp-json\/wp\/v2\/comments?post=1617"}],"version-history":[{"count":1,"href":"https:\/\/emk-koenigswalde.de\/2015EmK\/wp-json\/wp\/v2\/pages\/1617\/revisions"}],"predecessor-version":[{"id":1618,"href":"https:\/\/emk-koenigswalde.de\/2015EmK\/wp-json\/wp\/v2\/pages\/1617\/revisions\/1618"}],"up":[{"embeddable":true,"href":"https:\/\/emk-koenigswalde.de\/2015EmK\/wp-json\/wp\/v2\/pages\/1607"}],"wp:attachment":[{"href":"https:\/\/emk-koenigswalde.de\/2015EmK\/wp-json\/wp\/v2\/media?parent=1617"}],"curies":[{"name":"wp","href":"https:\/\/api.w.org\/{rel}","templated":true}]}}