{"id":2395,"date":"2017-02-27T21:15:49","date_gmt":"2017-02-27T20:15:49","guid":{"rendered":"http:\/\/emk-koenigswalde.de\/2015EmK\/?page_id=2395"},"modified":"2017-10-25T13:35:45","modified_gmt":"2017-10-25T11:35:45","slug":"bibelgespraech","status":"publish","type":"page","link":"https:\/\/emk-koenigswalde.de\/2015EmK\/kreuzkirche\/bibelgespraech\/","title":{"rendered":"Bibelgespr\u00e4ch"},"content":{"rendered":"<p><a href=\"https:\/\/i0.wp.com\/emk-koenigswalde.de\/2015EmK\/wp-content\/uploads\/2017\/02\/Bibel.jpg\"><img data-recalc-dims=\"1\" loading=\"lazy\" decoding=\"async\" data-attachment-id=\"2664\" data-permalink=\"https:\/\/emk-koenigswalde.de\/2015EmK\/kreuzkirche\/bibelgespraech\/bibel\/#main\" data-orig-file=\"https:\/\/i0.wp.com\/emk-koenigswalde.de\/2015EmK\/wp-content\/uploads\/2017\/02\/Bibel.jpg?fit=3552%2C2368&amp;ssl=1\" data-orig-size=\"3552,2368\" data-comments-opened=\"0\" data-image-meta=\"{&quot;aperture&quot;:&quot;3.3&quot;,&quot;credit&quot;:&quot;&quot;,&quot;camera&quot;:&quot;SAMSUNG ST30&quot;,&quot;caption&quot;:&quot;&quot;,&quot;created_timestamp&quot;:&quot;1489420585&quot;,&quot;copyright&quot;:&quot;COPYRIGHT,2011&quot;,&quot;focal_length&quot;:&quot;4.1&quot;,&quot;iso&quot;:&quot;80&quot;,&quot;shutter_speed&quot;:&quot;0.0095238095238095&quot;,&quot;title&quot;:&quot;&quot;,&quot;orientation&quot;:&quot;1&quot;}\" data-image-title=\"Bibel\" data-image-description=\"\" data-image-caption=\"\" data-large-file=\"https:\/\/i0.wp.com\/emk-koenigswalde.de\/2015EmK\/wp-content\/uploads\/2017\/02\/Bibel.jpg?fit=720%2C480&amp;ssl=1\" class=\"alignnone size-medium wp-image-2664\" src=\"https:\/\/i0.wp.com\/emk-koenigswalde.de\/2015EmK\/wp-content\/uploads\/2017\/02\/Bibel.jpg?resize=300%2C200\" alt=\"\" width=\"300\" height=\"200\" srcset=\"https:\/\/i0.wp.com\/emk-koenigswalde.de\/2015EmK\/wp-content\/uploads\/2017\/02\/Bibel.jpg?resize=300%2C200&amp;ssl=1 300w, https:\/\/i0.wp.com\/emk-koenigswalde.de\/2015EmK\/wp-content\/uploads\/2017\/02\/Bibel.jpg?resize=768%2C512&amp;ssl=1 768w, https:\/\/i0.wp.com\/emk-koenigswalde.de\/2015EmK\/wp-content\/uploads\/2017\/02\/Bibel.jpg?resize=1024%2C683&amp;ssl=1 1024w, https:\/\/i0.wp.com\/emk-koenigswalde.de\/2015EmK\/wp-content\/uploads\/2017\/02\/Bibel.jpg?resize=272%2C182&amp;ssl=1 272w, https:\/\/i0.wp.com\/emk-koenigswalde.de\/2015EmK\/wp-content\/uploads\/2017\/02\/Bibel.jpg?w=1440 1440w, https:\/\/i0.wp.com\/emk-koenigswalde.de\/2015EmK\/wp-content\/uploads\/2017\/02\/Bibel.jpg?w=2160 2160w\" sizes=\"auto, (max-width: 300px) 100vw, 300px\" \/><\/a><br \/>\nNeben dem H\u00f6ren auf die Predigt ist uns auch das gemeinsame Gespr\u00e4ch \u00fcber die Bibel sehr wichtig. Deshalb laden wir w\u00f6chentlich zum Bibelgespr\u00e4ch ein. Wir lesen gemeinsam in der Bibel, \u00fcberlegen was das Gelesene f\u00fcr uns bedeutet und wie wir es leben k\u00f6nnen, diskutieren \u00fcber auftauchende Fragen, beten f\u00fcreinander und ermutigen uns gegenseitig,<\/p>\n<p>Wer Kontakt sucht, melde sich bitte bei Claudia K\u00fcchler 037342\/7107<\/p>\n<p>&nbsp;<\/p>\n","protected":false},"excerpt":{"rendered":"<p>Neben dem H\u00f6ren auf die Predigt ist uns auch das gemeinsame Gespr\u00e4ch \u00fcber die Bibel sehr wichtig. Deshalb laden wir w\u00f6chentlich zum Bibelgespr\u00e4ch ein. Wir lesen gemeinsam in der Bibel, \u00fcberlegen was das Gelesene f\u00fcr uns bedeutet und wie wir es leben k\u00f6nnen, diskutieren \u00fcber auftauchende Fragen, beten f\u00fcreinander und ermutigen uns gegenseitig, Wer Kontakt [&hellip;]<\/p>\n","protected":false},"author":1,"featured_media":0,"parent":41,"menu_order":0,"comment_status":"closed","ping_status":"closed","template":"","meta":{"_bbp_topic_count":0,"_bbp_reply_count":0,"_bbp_total_topic_count":0,"_bbp_total_reply_count":0,"_bbp_voice_count":0,"_bbp_anonymous_reply_count":0,"_bbp_topic_count_hidden":0,"_bbp_reply_count_hidden":0,"_bbp_forum_subforum_count":0,"footnotes":""},"class_list":["post-2395","page","type-page","status-publish","hentry","post"],"jetpack_sharing_enabled":true,"jetpack_shortlink":"https:\/\/wp.me\/Paj5Uq-CD","jetpack-related-posts":[],"_links":{"self":[{"href":"https:\/\/emk-koenigswalde.de\/2015EmK\/wp-json\/wp\/v2\/pages\/2395","targetHints":{"allow":["GET"]}}],"collection":[{"href":"https:\/\/emk-koenigswalde.de\/2015EmK\/wp-json\/wp\/v2\/pages"}],"about":[{"href":"https:\/\/emk-koenigswalde.de\/2015EmK\/wp-json\/wp\/v2\/types\/page"}],"author":[{"embeddable":true,"href":"https:\/\/emk-koenigswalde.de\/2015EmK\/wp-json\/wp\/v2\/users\/1"}],"replies":[{"embeddable":true,"href":"https:\/\/emk-koenigswalde.de\/2015EmK\/wp-json\/wp\/v2\/comments?post=2395"}],"version-history":[{"count":5,"href":"https:\/\/emk-koenigswalde.de\/2015EmK\/wp-json\/wp\/v2\/pages\/2395\/revisions"}],"predecessor-version":[{"id":2685,"href":"https:\/\/emk-koenigswalde.de\/2015EmK\/wp-json\/wp\/v2\/pages\/2395\/revisions\/2685"}],"up":[{"embeddable":true,"href":"https:\/\/emk-koenigswalde.de\/2015EmK\/wp-json\/wp\/v2\/pages\/41"}],"wp:attachment":[{"href":"https:\/\/emk-koenigswalde.de\/2015EmK\/wp-json\/wp\/v2\/media?parent=2395"}],"curies":[{"name":"wp","href":"https:\/\/api.w.org\/{rel}","templated":true}]}}