{"id":3824,"date":"2019-02-21T16:29:07","date_gmt":"2019-02-21T15:29:07","guid":{"rendered":"http:\/\/emk-koenigswalde.de\/2015EmK\/?page_id=3824"},"modified":"2019-10-10T12:30:37","modified_gmt":"2019-10-10T10:30:37","slug":"baumassnahmen","status":"publish","type":"page","link":"https:\/\/emk-koenigswalde.de\/2015EmK\/baumassnahmen\/","title":{"rendered":"Bauma\u00dfnahmen"},"content":{"rendered":"\n<p><strong>Fassadensanierung und Mauertrockenlegung des Kirchgeb\u00e4udes <\/strong><\/p>\n\n\n\n<p>Von Mai bis September 2019 wurde\ndie Fassade des Geb\u00e4udes umfassend saniert. <\/p>\n\n\n\n<p>Dabei wurden der vorhanden\nAu\u00dfenputz und das Natursteinmauerwerk gereinigt, Risse und besch\u00e4digte Stellen\nausgebessert. Auf die vorhandene Putzfassade wurde ein neuer Oberputz\naufgebracht und dieser mit einer mineralischen Farbschicht versehen.<\/p>\n\n\n\n<p>Besch\u00e4digte Fenster und \u00e4u\u00dfere\nFensterb\u00e4nke wurden dabei ersetzt.<\/p>\n\n\n\n<p>Die Gr\u00fcndungsmauern erhielten eine\nvertikale Abdichtung. Zus\u00e4tzlich wurde eine Drainage verlegt und die\nRegenwassergrundleitungen erneuert.<\/p>\n\n\n\n<p>Das Vorhaben wurde im Rahmen der LEADER-Entwicklungsstrategie in der Region \u201eAnnaberger Land\u201c gef\u00f6rdert.<\/p>\n\n\n\n<p><\/p>\n\n\n\n<div class=\"wp-block-image\"><figure class=\"alignright\"><img data-recalc-dims=\"1\" loading=\"lazy\" decoding=\"async\" width=\"114\" height=\"114\" data-attachment-id=\"3999\" data-permalink=\"https:\/\/emk-koenigswalde.de\/2015EmK\/baumassnahmen\/grafik-1\/#main\" data-orig-file=\"https:\/\/i0.wp.com\/emk-koenigswalde.de\/2015EmK\/wp-content\/uploads\/2019\/10\/grafik-1.png?fit=114%2C114&amp;ssl=1\" data-orig-size=\"114,114\" data-comments-opened=\"0\" data-image-meta=\"{&quot;aperture&quot;:&quot;0&quot;,&quot;credit&quot;:&quot;&quot;,&quot;camera&quot;:&quot;&quot;,&quot;caption&quot;:&quot;&quot;,&quot;created_timestamp&quot;:&quot;0&quot;,&quot;copyright&quot;:&quot;&quot;,&quot;focal_length&quot;:&quot;0&quot;,&quot;iso&quot;:&quot;0&quot;,&quot;shutter_speed&quot;:&quot;0&quot;,&quot;title&quot;:&quot;&quot;,&quot;orientation&quot;:&quot;0&quot;}\" data-image-title=\"grafik-1\" data-image-description=\"\" data-image-caption=\"\" data-large-file=\"https:\/\/i0.wp.com\/emk-koenigswalde.de\/2015EmK\/wp-content\/uploads\/2019\/10\/grafik-1.png?fit=114%2C114&amp;ssl=1\" src=\"https:\/\/i0.wp.com\/emk-koenigswalde.de\/2015EmK\/wp-content\/uploads\/2019\/10\/grafik-1.png?resize=114%2C114\" alt=\"\" class=\"wp-image-3999\"\/><\/figure><\/div>\n\n\n\n<figure class=\"wp-block-image\"><img data-recalc-dims=\"1\" loading=\"lazy\" decoding=\"async\" width=\"360\" height=\"81\" data-attachment-id=\"3998\" data-permalink=\"https:\/\/emk-koenigswalde.de\/2015EmK\/baumassnahmen\/grafik\/#main\" data-orig-file=\"https:\/\/i0.wp.com\/emk-koenigswalde.de\/2015EmK\/wp-content\/uploads\/2019\/10\/grafik.png?fit=360%2C81&amp;ssl=1\" data-orig-size=\"360,81\" data-comments-opened=\"0\" data-image-meta=\"{&quot;aperture&quot;:&quot;0&quot;,&quot;credit&quot;:&quot;&quot;,&quot;camera&quot;:&quot;&quot;,&quot;caption&quot;:&quot;&quot;,&quot;created_timestamp&quot;:&quot;0&quot;,&quot;copyright&quot;:&quot;&quot;,&quot;focal_length&quot;:&quot;0&quot;,&quot;iso&quot;:&quot;0&quot;,&quot;shutter_speed&quot;:&quot;0&quot;,&quot;title&quot;:&quot;&quot;,&quot;orientation&quot;:&quot;0&quot;}\" data-image-title=\"grafik\" data-image-description=\"\" data-image-caption=\"\" data-large-file=\"https:\/\/i0.wp.com\/emk-koenigswalde.de\/2015EmK\/wp-content\/uploads\/2019\/10\/grafik.png?fit=360%2C81&amp;ssl=1\" src=\"https:\/\/i0.wp.com\/emk-koenigswalde.de\/2015EmK\/wp-content\/uploads\/2019\/10\/grafik.png?resize=360%2C81\" alt=\"\" class=\"wp-image-3998\" srcset=\"https:\/\/i0.wp.com\/emk-koenigswalde.de\/2015EmK\/wp-content\/uploads\/2019\/10\/grafik.png?w=360&amp;ssl=1 360w, https:\/\/i0.wp.com\/emk-koenigswalde.de\/2015EmK\/wp-content\/uploads\/2019\/10\/grafik.png?resize=300%2C68&amp;ssl=1 300w\" sizes=\"auto, (max-width: 360px) 100vw, 360px\" \/><\/figure>\n\n\n\n<p><\/p>\n\n\n\n<p><\/p>\n\n\n\n<div class=\"wp-block-image\"><figure class=\"alignright is-resized\"><img data-recalc-dims=\"1\" loading=\"lazy\" decoding=\"async\" data-attachment-id=\"4003\" data-permalink=\"https:\/\/emk-koenigswalde.de\/2015EmK\/baumassnahmen\/grafik-5\/#main\" data-orig-file=\"https:\/\/i0.wp.com\/emk-koenigswalde.de\/2015EmK\/wp-content\/uploads\/2019\/10\/grafik-5.png?fit=296%2C222&amp;ssl=1\" data-orig-size=\"296,222\" data-comments-opened=\"0\" data-image-meta=\"{&quot;aperture&quot;:&quot;0&quot;,&quot;credit&quot;:&quot;&quot;,&quot;camera&quot;:&quot;&quot;,&quot;caption&quot;:&quot;&quot;,&quot;created_timestamp&quot;:&quot;0&quot;,&quot;copyright&quot;:&quot;&quot;,&quot;focal_length&quot;:&quot;0&quot;,&quot;iso&quot;:&quot;0&quot;,&quot;shutter_speed&quot;:&quot;0&quot;,&quot;title&quot;:&quot;&quot;,&quot;orientation&quot;:&quot;0&quot;}\" data-image-title=\"grafik-5\" data-image-description=\"\" data-image-caption=\"\" data-large-file=\"https:\/\/i0.wp.com\/emk-koenigswalde.de\/2015EmK\/wp-content\/uploads\/2019\/10\/grafik-5.png?fit=296%2C222&amp;ssl=1\" src=\"https:\/\/i0.wp.com\/emk-koenigswalde.de\/2015EmK\/wp-content\/uploads\/2019\/10\/grafik-5.png?resize=270%2C202\" alt=\"\" class=\"wp-image-4003\" width=\"270\" height=\"202\"\/><\/figure><\/div>\n\n\n\n<figure class=\"wp-block-image is-resized\"><img data-recalc-dims=\"1\" loading=\"lazy\" decoding=\"async\" data-attachment-id=\"4002\" data-permalink=\"https:\/\/emk-koenigswalde.de\/2015EmK\/baumassnahmen\/grafik-4\/#main\" data-orig-file=\"https:\/\/i0.wp.com\/emk-koenigswalde.de\/2015EmK\/wp-content\/uploads\/2019\/10\/grafik-4.png?fit=296%2C222&amp;ssl=1\" data-orig-size=\"296,222\" data-comments-opened=\"0\" data-image-meta=\"{&quot;aperture&quot;:&quot;0&quot;,&quot;credit&quot;:&quot;&quot;,&quot;camera&quot;:&quot;&quot;,&quot;caption&quot;:&quot;&quot;,&quot;created_timestamp&quot;:&quot;0&quot;,&quot;copyright&quot;:&quot;&quot;,&quot;focal_length&quot;:&quot;0&quot;,&quot;iso&quot;:&quot;0&quot;,&quot;shutter_speed&quot;:&quot;0&quot;,&quot;title&quot;:&quot;&quot;,&quot;orientation&quot;:&quot;0&quot;}\" data-image-title=\"grafik-4\" data-image-description=\"\" data-image-caption=\"\" data-large-file=\"https:\/\/i0.wp.com\/emk-koenigswalde.de\/2015EmK\/wp-content\/uploads\/2019\/10\/grafik-4.png?fit=296%2C222&amp;ssl=1\" src=\"https:\/\/i0.wp.com\/emk-koenigswalde.de\/2015EmK\/wp-content\/uploads\/2019\/10\/grafik-4.png?resize=278%2C208\" alt=\"\" class=\"wp-image-4002\" width=\"278\" height=\"208\"\/><\/figure>\n","protected":false},"excerpt":{"rendered":"<p>Fassadensanierung und Mauertrockenlegung des Kirchgeb\u00e4udes Von Mai bis September 2019 wurde die Fassade des Geb\u00e4udes umfassend saniert. Dabei wurden der vorhanden Au\u00dfenputz und das Natursteinmauerwerk gereinigt, Risse und besch\u00e4digte Stellen ausgebessert. Auf die vorhandene Putzfassade wurde ein neuer Oberputz aufgebracht und dieser mit einer mineralischen Farbschicht versehen. Besch\u00e4digte Fenster und \u00e4u\u00dfere Fensterb\u00e4nke wurden dabei ersetzt. [&hellip;]<\/p>\n","protected":false},"author":1,"featured_media":0,"parent":0,"menu_order":0,"comment_status":"closed","ping_status":"closed","template":"","meta":{"_bbp_topic_count":0,"_bbp_reply_count":0,"_bbp_total_topic_count":0,"_bbp_total_reply_count":0,"_bbp_voice_count":0,"_bbp_anonymous_reply_count":0,"_bbp_topic_count_hidden":0,"_bbp_reply_count_hidden":0,"_bbp_forum_subforum_count":0,"footnotes":""},"class_list":["post-3824","page","type-page","status-publish","hentry","post"],"jetpack_sharing_enabled":true,"jetpack_shortlink":"https:\/\/wp.me\/Paj5Uq-ZG","jetpack-related-posts":[],"_links":{"self":[{"href":"https:\/\/emk-koenigswalde.de\/2015EmK\/wp-json\/wp\/v2\/pages\/3824","targetHints":{"allow":["GET"]}}],"collection":[{"href":"https:\/\/emk-koenigswalde.de\/2015EmK\/wp-json\/wp\/v2\/pages"}],"about":[{"href":"https:\/\/emk-koenigswalde.de\/2015EmK\/wp-json\/wp\/v2\/types\/page"}],"author":[{"embeddable":true,"href":"https:\/\/emk-koenigswalde.de\/2015EmK\/wp-json\/wp\/v2\/users\/1"}],"replies":[{"embeddable":true,"href":"https:\/\/emk-koenigswalde.de\/2015EmK\/wp-json\/wp\/v2\/comments?post=3824"}],"version-history":[{"count":13,"href":"https:\/\/emk-koenigswalde.de\/2015EmK\/wp-json\/wp\/v2\/pages\/3824\/revisions"}],"predecessor-version":[{"id":4006,"href":"https:\/\/emk-koenigswalde.de\/2015EmK\/wp-json\/wp\/v2\/pages\/3824\/revisions\/4006"}],"wp:attachment":[{"href":"https:\/\/emk-koenigswalde.de\/2015EmK\/wp-json\/wp\/v2\/media?parent=3824"}],"curies":[{"name":"wp","href":"https:\/\/api.w.org\/{rel}","templated":true}]}}