{"id":44,"date":"2015-06-11T23:29:18","date_gmt":"2015-06-11T21:29:18","guid":{"rendered":"http:\/\/emk-koenigswalde.de\/2015EmK\/?page_id=44"},"modified":"2018-10-23T08:19:55","modified_gmt":"2018-10-23T06:19:55","slug":"erloeserkirche","status":"publish","type":"page","link":"https:\/\/emk-koenigswalde.de\/2015EmK\/erloeserkirche\/","title":{"rendered":"Erl\u00f6serkirche K\u00f6nigswalde"},"content":{"rendered":"<p><span style=\"color: #000000;\"><strong>Herzlich Willkommen auf der Website der Evangelisch-methodistischen Gemeinde K\u00f6nigswalde!<\/strong><\/span><\/p>\n<p><span style=\"color: #000000;\"><strong>Sch\u00f6n, dass Du hier gelandet bist!<\/strong><\/span><\/p>\n<p><span style=\"color: #000000;\"><strong>Auf den folgenden Seiten findest du viele Informationen \u00fcber uns, was wir machen und wie du uns kennenlernen kannst\u2026<\/strong><\/span><\/p>\n<div id=\"metaslider-id-1635\" style=\"width: 100%; margin: 0 auto;\" class=\"ml-slider-3-109-0 metaslider metaslider-flex metaslider-1635 ml-slider has-dots-nav has-carousel-mode ms-theme-default\" role=\"region\" aria-label=\"Erl\u00f6serkirche\" data-height=\"860\" data-width=\"860\">\n    <div id=\"metaslider_container_1635\">\n        <div id=\"metaslider_1635\">\n            <ul class='slides'>\n                <li style=\"display: none; width: 100%;\" class=\"slide-1548 ms-image \" aria-roledescription=\"slide\" data-date=\"2016-12-16 19:59:16\" data-filename=\"Erntedankfest-am-09.10.2016-001.jpg\" data-slide-type=\"image\"><img loading=\"lazy\" decoding=\"async\" width=\"4000\" height=\"3000\" src=\"https:\/\/i0.wp.com\/emk-koenigswalde.de\/2015EmK\/wp-content\/uploads\/2016\/12\/Erntedankfest-am-09.10.2016-001.jpg?fit=4000%2C3000&amp;ssl=1\" class=\"slider-1635 slide-1548 msDefaultImage\" alt=\"\" rel=\"\" title=\"\" srcset=\"https:\/\/i0.wp.com\/emk-koenigswalde.de\/2015EmK\/wp-content\/uploads\/2016\/12\/Erntedankfest-am-09.10.2016-001.jpg?w=4000&amp;ssl=1 4000w, https:\/\/i0.wp.com\/emk-koenigswalde.de\/2015EmK\/wp-content\/uploads\/2016\/12\/Erntedankfest-am-09.10.2016-001.jpg?resize=300%2C225&amp;ssl=1 300w, https:\/\/i0.wp.com\/emk-koenigswalde.de\/2015EmK\/wp-content\/uploads\/2016\/12\/Erntedankfest-am-09.10.2016-001.jpg?resize=768%2C576&amp;ssl=1 768w, https:\/\/i0.wp.com\/emk-koenigswalde.de\/2015EmK\/wp-content\/uploads\/2016\/12\/Erntedankfest-am-09.10.2016-001.jpg?resize=1024%2C768&amp;ssl=1 1024w, https:\/\/i0.wp.com\/emk-koenigswalde.de\/2015EmK\/wp-content\/uploads\/2016\/12\/Erntedankfest-am-09.10.2016-001.jpg?w=1440 1440w, https:\/\/i0.wp.com\/emk-koenigswalde.de\/2015EmK\/wp-content\/uploads\/2016\/12\/Erntedankfest-am-09.10.2016-001.jpg?w=2160 2160w\" sizes=\"auto, (max-width: 720px) 100vw, 720px\" data-attachment-id=\"1548\" data-permalink=\"https:\/\/emk-koenigswalde.de\/2015EmK\/erloeserkirche\/geschichte-der-gemeinde\/erntedankfest-am-09-10-2016-001\/#main\" data-orig-file=\"https:\/\/i0.wp.com\/emk-koenigswalde.de\/2015EmK\/wp-content\/uploads\/2016\/12\/Erntedankfest-am-09.10.2016-001.jpg?fit=4000%2C3000&amp;ssl=1\" data-orig-size=\"4000,3000\" data-comments-opened=\"0\" data-image-meta=\"{&quot;aperture&quot;:&quot;2&quot;,&quot;credit&quot;:&quot;&quot;,&quot;camera&quot;:&quot;COOLPIX P7800&quot;,&quot;caption&quot;:&quot;&quot;,&quot;created_timestamp&quot;:&quot;1476005432&quot;,&quot;copyright&quot;:&quot;&quot;,&quot;focal_length&quot;:&quot;6&quot;,&quot;iso&quot;:&quot;720&quot;,&quot;shutter_speed&quot;:&quot;0.125&quot;,&quot;title&quot;:&quot;&quot;,&quot;orientation&quot;:&quot;1&quot;}\" data-image-title=\"Erl\u00f6serkirche K\u00f6nigswalde &amp;#8211; September 2016\" data-image-description=\"\" data-image-caption=\"&lt;p&gt;Eingangsbereich&lt;\/p&gt;\n\" data-large-file=\"https:\/\/i0.wp.com\/emk-koenigswalde.de\/2015EmK\/wp-content\/uploads\/2016\/12\/Erntedankfest-am-09.10.2016-001.jpg?fit=720%2C540&amp;ssl=1\" \/><div class=\"caption-wrap\"><div class=\"caption\">Eingangsbereich<\/div><\/div><\/li>\n                <li style=\"display: none; width: 100%;\" class=\"slide-1547 ms-image \" aria-roledescription=\"slide\" data-date=\"2016-12-16 19:57:42\" data-filename=\"Bild-15-Lindenstra\u00dfe-12-2.jpg\" data-slide-type=\"image\"><img loading=\"lazy\" decoding=\"async\" width=\"694\" height=\"994\" src=\"https:\/\/i0.wp.com\/emk-koenigswalde.de\/2015EmK\/wp-content\/uploads\/2016\/12\/Bild-15-Lindenstra%C3%9Fe-12-2.jpg?fit=694%2C994&amp;ssl=1\" class=\"slider-1635 slide-1547 msDefaultImage\" alt=\"\" rel=\"\" title=\"\" data-attachment-id=\"1547\" data-permalink=\"https:\/\/emk-koenigswalde.de\/2015EmK\/erloeserkirche\/geschichte-der-gemeinde\/bild-15-lindenstrasse-12-2\/#main\" data-orig-file=\"https:\/\/i0.wp.com\/emk-koenigswalde.de\/2015EmK\/wp-content\/uploads\/2016\/12\/Bild-15-Lindenstra%C3%9Fe-12-2.jpg?fit=694%2C994&amp;ssl=1\" data-orig-size=\"694,994\" data-comments-opened=\"0\" data-image-meta=\"{&quot;aperture&quot;:&quot;0&quot;,&quot;credit&quot;:&quot;&quot;,&quot;camera&quot;:&quot;HP psc1310&quot;,&quot;caption&quot;:&quot;&quot;,&quot;created_timestamp&quot;:&quot;0&quot;,&quot;copyright&quot;:&quot;&quot;,&quot;focal_length&quot;:&quot;0&quot;,&quot;iso&quot;:&quot;0&quot;,&quot;shutter_speed&quot;:&quot;0&quot;,&quot;title&quot;:&quot;&quot;,&quot;orientation&quot;:&quot;0&quot;}\" data-image-title=\"Erl\u00f6serkirche K\u00f6nigswalde\" data-image-description=\"\" data-image-caption=\"\" data-large-file=\"https:\/\/i0.wp.com\/emk-koenigswalde.de\/2015EmK\/wp-content\/uploads\/2016\/12\/Bild-15-Lindenstra%C3%9Fe-12-2.jpg?fit=694%2C994&amp;ssl=1\" \/><\/li>\n                <li style=\"display: none; width: 100%;\" class=\"slide-1557 ms-image \" aria-roledescription=\"slide\" data-date=\"2016-12-16 20:08:24\" data-filename=\"Kirchenbilder-30.09.16-006.jpg\" data-slide-type=\"image\"><img loading=\"lazy\" decoding=\"async\" width=\"3000\" height=\"4000\" src=\"https:\/\/i0.wp.com\/emk-koenigswalde.de\/2015EmK\/wp-content\/uploads\/2016\/12\/Kirchenbilder-30.09.16-006.jpg?fit=3000%2C4000&amp;ssl=1\" class=\"slider-1635 slide-1557 msDefaultImage\" alt=\"\" rel=\"\" title=\"\" srcset=\"https:\/\/i0.wp.com\/emk-koenigswalde.de\/2015EmK\/wp-content\/uploads\/2016\/12\/Kirchenbilder-30.09.16-006.jpg?w=3000&amp;ssl=1 3000w, https:\/\/i0.wp.com\/emk-koenigswalde.de\/2015EmK\/wp-content\/uploads\/2016\/12\/Kirchenbilder-30.09.16-006.jpg?resize=225%2C300&amp;ssl=1 225w, https:\/\/i0.wp.com\/emk-koenigswalde.de\/2015EmK\/wp-content\/uploads\/2016\/12\/Kirchenbilder-30.09.16-006.jpg?resize=768%2C1024&amp;ssl=1 768w, https:\/\/i0.wp.com\/emk-koenigswalde.de\/2015EmK\/wp-content\/uploads\/2016\/12\/Kirchenbilder-30.09.16-006.jpg?w=1440 1440w, https:\/\/i0.wp.com\/emk-koenigswalde.de\/2015EmK\/wp-content\/uploads\/2016\/12\/Kirchenbilder-30.09.16-006.jpg?w=2160 2160w\" sizes=\"auto, (max-width: 720px) 100vw, 720px\" data-attachment-id=\"1557\" data-permalink=\"https:\/\/emk-koenigswalde.de\/2015EmK\/erloeserkirche\/geschichte-der-gemeinde\/kirchenbilder-30-09-16-006\/#main\" data-orig-file=\"https:\/\/i0.wp.com\/emk-koenigswalde.de\/2015EmK\/wp-content\/uploads\/2016\/12\/Kirchenbilder-30.09.16-006.jpg?fit=3000%2C4000&amp;ssl=1\" data-orig-size=\"3000,4000\" data-comments-opened=\"0\" data-image-meta=\"{&quot;aperture&quot;:&quot;2&quot;,&quot;credit&quot;:&quot;&quot;,&quot;camera&quot;:&quot;COOLPIX P7800&quot;,&quot;caption&quot;:&quot;&quot;,&quot;created_timestamp&quot;:&quot;1475232602&quot;,&quot;copyright&quot;:&quot;&quot;,&quot;focal_length&quot;:&quot;6&quot;,&quot;iso&quot;:&quot;180&quot;,&quot;shutter_speed&quot;:&quot;0.033333333333333&quot;,&quot;title&quot;:&quot;&quot;,&quot;orientation&quot;:&quot;1&quot;}\" data-image-title=\"Erl\u00f6serkirche K\u00f6nigswalde &amp;#8211; September 2016\" data-image-description=\"\" data-image-caption=\"\" data-large-file=\"https:\/\/i0.wp.com\/emk-koenigswalde.de\/2015EmK\/wp-content\/uploads\/2016\/12\/Kirchenbilder-30.09.16-006.jpg?fit=720%2C960&amp;ssl=1\" \/><\/li>\n                <li style=\"display: none; width: 100%;\" class=\"slide-1550 ms-image \" aria-roledescription=\"slide\" data-date=\"2016-12-16 20:01:35\" data-filename=\"Erntedankfest-am-09.10.2016-021.jpg\" data-slide-type=\"image\"><img loading=\"lazy\" decoding=\"async\" width=\"4000\" height=\"3000\" src=\"https:\/\/i0.wp.com\/emk-koenigswalde.de\/2015EmK\/wp-content\/uploads\/2016\/12\/Erntedankfest-am-09.10.2016-021.jpg?fit=4000%2C3000&amp;ssl=1\" class=\"slider-1635 slide-1550 msDefaultImage\" alt=\"\" rel=\"\" title=\"\" srcset=\"https:\/\/i0.wp.com\/emk-koenigswalde.de\/2015EmK\/wp-content\/uploads\/2016\/12\/Erntedankfest-am-09.10.2016-021.jpg?w=4000&amp;ssl=1 4000w, https:\/\/i0.wp.com\/emk-koenigswalde.de\/2015EmK\/wp-content\/uploads\/2016\/12\/Erntedankfest-am-09.10.2016-021.jpg?resize=300%2C225&amp;ssl=1 300w, https:\/\/i0.wp.com\/emk-koenigswalde.de\/2015EmK\/wp-content\/uploads\/2016\/12\/Erntedankfest-am-09.10.2016-021.jpg?resize=768%2C576&amp;ssl=1 768w, https:\/\/i0.wp.com\/emk-koenigswalde.de\/2015EmK\/wp-content\/uploads\/2016\/12\/Erntedankfest-am-09.10.2016-021.jpg?resize=1024%2C768&amp;ssl=1 1024w, https:\/\/i0.wp.com\/emk-koenigswalde.de\/2015EmK\/wp-content\/uploads\/2016\/12\/Erntedankfest-am-09.10.2016-021.jpg?w=1440 1440w, https:\/\/i0.wp.com\/emk-koenigswalde.de\/2015EmK\/wp-content\/uploads\/2016\/12\/Erntedankfest-am-09.10.2016-021.jpg?w=2160 2160w\" sizes=\"auto, (max-width: 720px) 100vw, 720px\" data-attachment-id=\"1550\" data-permalink=\"https:\/\/emk-koenigswalde.de\/2015EmK\/erloeserkirche\/geschichte-der-gemeinde\/erntedankfest-am-09-10-2016-021\/#main\" data-orig-file=\"https:\/\/i0.wp.com\/emk-koenigswalde.de\/2015EmK\/wp-content\/uploads\/2016\/12\/Erntedankfest-am-09.10.2016-021.jpg?fit=4000%2C3000&amp;ssl=1\" data-orig-size=\"4000,3000\" data-comments-opened=\"0\" data-image-meta=\"{&quot;aperture&quot;:&quot;3.2&quot;,&quot;credit&quot;:&quot;&quot;,&quot;camera&quot;:&quot;COOLPIX P7800&quot;,&quot;caption&quot;:&quot;&quot;,&quot;created_timestamp&quot;:&quot;1476010086&quot;,&quot;copyright&quot;:&quot;&quot;,&quot;focal_length&quot;:&quot;14.1&quot;,&quot;iso&quot;:&quot;400&quot;,&quot;shutter_speed&quot;:&quot;0.05&quot;,&quot;title&quot;:&quot;&quot;,&quot;orientation&quot;:&quot;1&quot;}\" data-image-title=\"Erl\u00f6serkirche K\u00f6nigswalde\" data-image-description=\"\" data-image-caption=\"\" data-large-file=\"https:\/\/i0.wp.com\/emk-koenigswalde.de\/2015EmK\/wp-content\/uploads\/2016\/12\/Erntedankfest-am-09.10.2016-021.jpg?fit=720%2C540&amp;ssl=1\" \/><\/li>\n                <li style=\"display: none; width: 100%;\" class=\"slide-1546 ms-image \" aria-roledescription=\"slide\" data-date=\"2016-12-16 19:57:25\" data-filename=\"Bild-15-Lindenstra\u00dfe-12-1.jpg\" data-slide-type=\"image\"><img loading=\"lazy\" decoding=\"async\" width=\"4000\" height=\"3000\" src=\"https:\/\/i0.wp.com\/emk-koenigswalde.de\/2015EmK\/wp-content\/uploads\/2016\/12\/Bild-15-Lindenstra%C3%9Fe-12-1.jpg?fit=4000%2C3000&amp;ssl=1\" class=\"slider-1635 slide-1546 msDefaultImage\" alt=\"\" rel=\"\" title=\"\" data-attachment-id=\"1546\" data-permalink=\"https:\/\/emk-koenigswalde.de\/2015EmK\/erloeserkirche\/geschichte-der-gemeinde\/bild-15-lindenstrasse-12-1\/#main\" data-orig-file=\"https:\/\/i0.wp.com\/emk-koenigswalde.de\/2015EmK\/wp-content\/uploads\/2016\/12\/Bild-15-Lindenstra%C3%9Fe-12-1.jpg?fit=4000%2C3000&amp;ssl=1\" data-orig-size=\"4000,3000\" data-comments-opened=\"0\" data-image-meta=\"{&quot;aperture&quot;:&quot;2&quot;,&quot;credit&quot;:&quot;&quot;,&quot;camera&quot;:&quot;COOLPIX P7800&quot;,&quot;caption&quot;:&quot;&quot;,&quot;created_timestamp&quot;:&quot;1412106160&quot;,&quot;copyright&quot;:&quot;&quot;,&quot;focal_length&quot;:&quot;6&quot;,&quot;iso&quot;:&quot;400&quot;,&quot;shutter_speed&quot;:&quot;0.04&quot;,&quot;title&quot;:&quot;&quot;,&quot;orientation&quot;:&quot;1&quot;}\" data-image-title=\"Erl\u00f6serkirche K\u00f6nigswalde\" data-image-description=\"\" data-image-caption=\"\" data-large-file=\"https:\/\/i0.wp.com\/emk-koenigswalde.de\/2015EmK\/wp-content\/uploads\/2016\/12\/Bild-15-Lindenstra%C3%9Fe-12-1.jpg?fit=720%2C540&amp;ssl=1\" \/><\/li>\n                <li style=\"display: none; width: 100%;\" class=\"slide-1553 ms-image \" aria-roledescription=\"slide\" data-date=\"2016-12-16 20:05:07\" data-filename=\"Kirchenbilder-30.09.16-003.jpg\" data-slide-type=\"image\"><img loading=\"lazy\" decoding=\"async\" width=\"4000\" height=\"3000\" src=\"https:\/\/i0.wp.com\/emk-koenigswalde.de\/2015EmK\/wp-content\/uploads\/2016\/12\/Kirchenbilder-30.09.16-003.jpg?fit=4000%2C3000&amp;ssl=1\" class=\"slider-1635 slide-1553 msDefaultImage\" alt=\"\" rel=\"\" title=\"\" srcset=\"https:\/\/i0.wp.com\/emk-koenigswalde.de\/2015EmK\/wp-content\/uploads\/2016\/12\/Kirchenbilder-30.09.16-003.jpg?w=4000&amp;ssl=1 4000w, https:\/\/i0.wp.com\/emk-koenigswalde.de\/2015EmK\/wp-content\/uploads\/2016\/12\/Kirchenbilder-30.09.16-003.jpg?resize=300%2C225&amp;ssl=1 300w, https:\/\/i0.wp.com\/emk-koenigswalde.de\/2015EmK\/wp-content\/uploads\/2016\/12\/Kirchenbilder-30.09.16-003.jpg?resize=768%2C576&amp;ssl=1 768w, https:\/\/i0.wp.com\/emk-koenigswalde.de\/2015EmK\/wp-content\/uploads\/2016\/12\/Kirchenbilder-30.09.16-003.jpg?resize=1024%2C768&amp;ssl=1 1024w, https:\/\/i0.wp.com\/emk-koenigswalde.de\/2015EmK\/wp-content\/uploads\/2016\/12\/Kirchenbilder-30.09.16-003.jpg?w=1440 1440w, https:\/\/i0.wp.com\/emk-koenigswalde.de\/2015EmK\/wp-content\/uploads\/2016\/12\/Kirchenbilder-30.09.16-003.jpg?w=2160 2160w\" sizes=\"auto, (max-width: 720px) 100vw, 720px\" data-attachment-id=\"1553\" data-permalink=\"https:\/\/emk-koenigswalde.de\/2015EmK\/erloeserkirche\/geschichte-der-gemeinde\/kirchenbilder-30-09-16-003\/#main\" data-orig-file=\"https:\/\/i0.wp.com\/emk-koenigswalde.de\/2015EmK\/wp-content\/uploads\/2016\/12\/Kirchenbilder-30.09.16-003.jpg?fit=4000%2C3000&amp;ssl=1\" data-orig-size=\"4000,3000\" data-comments-opened=\"0\" data-image-meta=\"{&quot;aperture&quot;:&quot;2&quot;,&quot;credit&quot;:&quot;&quot;,&quot;camera&quot;:&quot;COOLPIX P7800&quot;,&quot;caption&quot;:&quot;&quot;,&quot;created_timestamp&quot;:&quot;1475232454&quot;,&quot;copyright&quot;:&quot;&quot;,&quot;focal_length&quot;:&quot;6&quot;,&quot;iso&quot;:&quot;360&quot;,&quot;shutter_speed&quot;:&quot;0.033333333333333&quot;,&quot;title&quot;:&quot;&quot;,&quot;orientation&quot;:&quot;1&quot;}\" data-image-title=\"Erl\u00f6serkirche K\u00f6nigswalde &amp;#8211; September 2016\" data-image-description=\"\" data-image-caption=\"&lt;p&gt;Kirchsaal&lt;\/p&gt;\n\" data-large-file=\"https:\/\/i0.wp.com\/emk-koenigswalde.de\/2015EmK\/wp-content\/uploads\/2016\/12\/Kirchenbilder-30.09.16-003.jpg?fit=720%2C540&amp;ssl=1\" \/><div class=\"caption-wrap\"><div class=\"caption\">Kirchsaal<\/div><\/div><\/li>\n                <li style=\"display: none; width: 100%;\" class=\"slide-1556 ms-image \" aria-roledescription=\"slide\" data-date=\"2016-12-16 20:07:13\" data-filename=\"Kirchenbilder-30.09.16-005.jpg\" data-slide-type=\"image\"><img loading=\"lazy\" decoding=\"async\" width=\"3000\" height=\"4000\" src=\"https:\/\/i0.wp.com\/emk-koenigswalde.de\/2015EmK\/wp-content\/uploads\/2016\/12\/Kirchenbilder-30.09.16-005.jpg?fit=3000%2C4000&amp;ssl=1\" class=\"slider-1635 slide-1556 msDefaultImage\" alt=\"\" rel=\"\" title=\"\" srcset=\"https:\/\/i0.wp.com\/emk-koenigswalde.de\/2015EmK\/wp-content\/uploads\/2016\/12\/Kirchenbilder-30.09.16-005.jpg?w=3000&amp;ssl=1 3000w, https:\/\/i0.wp.com\/emk-koenigswalde.de\/2015EmK\/wp-content\/uploads\/2016\/12\/Kirchenbilder-30.09.16-005.jpg?resize=225%2C300&amp;ssl=1 225w, https:\/\/i0.wp.com\/emk-koenigswalde.de\/2015EmK\/wp-content\/uploads\/2016\/12\/Kirchenbilder-30.09.16-005.jpg?resize=768%2C1024&amp;ssl=1 768w, https:\/\/i0.wp.com\/emk-koenigswalde.de\/2015EmK\/wp-content\/uploads\/2016\/12\/Kirchenbilder-30.09.16-005.jpg?w=1440 1440w, https:\/\/i0.wp.com\/emk-koenigswalde.de\/2015EmK\/wp-content\/uploads\/2016\/12\/Kirchenbilder-30.09.16-005.jpg?w=2160 2160w\" sizes=\"auto, (max-width: 720px) 100vw, 720px\" data-attachment-id=\"1556\" data-permalink=\"https:\/\/emk-koenigswalde.de\/2015EmK\/erloeserkirche\/geschichte-der-gemeinde\/kirchenbilder-30-09-16-005\/#main\" data-orig-file=\"https:\/\/i0.wp.com\/emk-koenigswalde.de\/2015EmK\/wp-content\/uploads\/2016\/12\/Kirchenbilder-30.09.16-005.jpg?fit=3000%2C4000&amp;ssl=1\" data-orig-size=\"3000,4000\" data-comments-opened=\"0\" data-image-meta=\"{&quot;aperture&quot;:&quot;2&quot;,&quot;credit&quot;:&quot;&quot;,&quot;camera&quot;:&quot;COOLPIX P7800&quot;,&quot;caption&quot;:&quot;&quot;,&quot;created_timestamp&quot;:&quot;1475232526&quot;,&quot;copyright&quot;:&quot;&quot;,&quot;focal_length&quot;:&quot;6&quot;,&quot;iso&quot;:&quot;280&quot;,&quot;shutter_speed&quot;:&quot;0.033333333333333&quot;,&quot;title&quot;:&quot;&quot;,&quot;orientation&quot;:&quot;1&quot;}\" data-image-title=\"Erl\u00f6serkirche K\u00f6nigswalde &amp;#8211; September 2016\" data-image-description=\"\" data-image-caption=\"&lt;p&gt;Altar&lt;\/p&gt;\n\" data-large-file=\"https:\/\/i0.wp.com\/emk-koenigswalde.de\/2015EmK\/wp-content\/uploads\/2016\/12\/Kirchenbilder-30.09.16-005.jpg?fit=720%2C960&amp;ssl=1\" \/><div class=\"caption-wrap\"><div class=\"caption\">Altar<\/div><\/div><\/li>\n            <\/ul>\n        <\/div>\n        \n    <\/div>\n<\/div>\n","protected":false},"excerpt":{"rendered":"<p>Herzlich Willkommen auf der Website der Evangelisch-methodistischen Gemeinde K\u00f6nigswalde! Sch\u00f6n, dass Du hier gelandet bist! Auf den folgenden Seiten findest du viele Informationen \u00fcber uns, was wir machen und wie du uns kennenlernen kannst\u2026<\/p>\n","protected":false},"author":1,"featured_media":0,"parent":0,"menu_order":0,"comment_status":"closed","ping_status":"open","template":"","meta":{"_bbp_topic_count":0,"_bbp_reply_count":0,"_bbp_total_topic_count":0,"_bbp_total_reply_count":0,"_bbp_voice_count":0,"_bbp_anonymous_reply_count":0,"_bbp_topic_count_hidden":0,"_bbp_reply_count_hidden":0,"_bbp_forum_subforum_count":0,"footnotes":""},"class_list":["post-44","page","type-page","status-publish","hentry","post"],"jetpack_sharing_enabled":true,"jetpack_shortlink":"https:\/\/wp.me\/Paj5Uq-I","jetpack-related-posts":[],"_links":{"self":[{"href":"https:\/\/emk-koenigswalde.de\/2015EmK\/wp-json\/wp\/v2\/pages\/44","targetHints":{"allow":["GET"]}}],"collection":[{"href":"https:\/\/emk-koenigswalde.de\/2015EmK\/wp-json\/wp\/v2\/pages"}],"about":[{"href":"https:\/\/emk-koenigswalde.de\/2015EmK\/wp-json\/wp\/v2\/types\/page"}],"author":[{"embeddable":true,"href":"https:\/\/emk-koenigswalde.de\/2015EmK\/wp-json\/wp\/v2\/users\/1"}],"replies":[{"embeddable":true,"href":"https:\/\/emk-koenigswalde.de\/2015EmK\/wp-json\/wp\/v2\/comments?post=44"}],"version-history":[{"count":8,"href":"https:\/\/emk-koenigswalde.de\/2015EmK\/wp-json\/wp\/v2\/pages\/44\/revisions"}],"predecessor-version":[{"id":3426,"href":"https:\/\/emk-koenigswalde.de\/2015EmK\/wp-json\/wp\/v2\/pages\/44\/revisions\/3426"}],"wp:attachment":[{"href":"https:\/\/emk-koenigswalde.de\/2015EmK\/wp-json\/wp\/v2\/media?parent=44"}],"curies":[{"name":"wp","href":"https:\/\/api.w.org\/{rel}","templated":true}]}}